{"id":1353,"date":"2021-12-16T16:05:00","date_gmt":"2021-12-16T15:05:00","guid":{"rendered":"https:\/\/wp.frigomec.com\/chi-siamo\/"},"modified":"2021-12-22T16:51:06","modified_gmt":"2021-12-22T15:51:06","slug":"chi-siamo","status":"publish","type":"page","link":"https:\/\/www.frigomec.com\/it\/chi-siamo\/","title":{"rendered":"Chi siamo"},"content":{"rendered":"<p><div class=\"fusion-fullwidth fullwidth-box fusion-builder-row-1 fusion-flex-container nonhundred-percent-fullwidth non-hundred-percent-height-scrolling\" style=\"--awb-border-radius-top-left:0px;--awb-border-radius-top-right:0px;--awb-border-radius-bottom-right:0px;--awb-border-radius-bottom-left:0px;--awb-flex-wrap:wrap;\" ><div class=\"fusion-builder-row fusion-row fusion-flex-align-items-center fusion-flex-content-wrap\" style=\"max-width:1248px;margin-left: calc(-4% \/ 2 );margin-right: calc(-4% \/ 2 );\"><div class=\"fusion-layout-column fusion_builder_column fusion-builder-column-0 fusion_builder_column_1_2 1_2 fusion-flex-column\" style=\"--awb-bg-size:cover;--awb-width-large:50%;--awb-margin-top-large:0px;--awb-spacing-right-large:3.84%;--awb-margin-bottom-large:20px;--awb-spacing-left-large:3.84%;--awb-width-medium:50%;--awb-order-medium:0;--awb-spacing-right-medium:3.84%;--awb-spacing-left-medium:3.84%;--awb-width-small:100%;--awb-order-small:0;--awb-spacing-right-small:1.92%;--awb-spacing-left-small:1.92%;\"><div class=\"fusion-column-wrapper fusion-column-has-shadow fusion-flex-justify-content-flex-start fusion-content-layout-column\"><div class=\"fusion-image-element \" style=\"--awb-caption-title-font-family:var(--h2_typography-font-family);--awb-caption-title-font-weight:var(--h2_typography-font-weight);--awb-caption-title-font-style:var(--h2_typography-font-style);--awb-caption-title-size:var(--h2_typography-font-size);--awb-caption-title-transform:var(--h2_typography-text-transform);--awb-caption-title-line-height:var(--h2_typography-line-height);--awb-caption-title-letter-spacing:var(--h2_typography-letter-spacing);\"><span class=\" fusion-imageframe imageframe-none imageframe-1 hover-type-none\"><img decoding=\"async\" width=\"596\" height=\"360\" title=\"news3\" src=\"https:\/\/www.frigomec.com\/wp-content\/uploads\/2021\/05\/news3.jpg\" alt class=\"img-responsive wp-image-849\" srcset=\"https:\/\/www.frigomec.com\/wp-content\/uploads\/2021\/05\/news3-200x121.jpg 200w, https:\/\/www.frigomec.com\/wp-content\/uploads\/2021\/05\/news3-400x242.jpg 400w, https:\/\/www.frigomec.com\/wp-content\/uploads\/2021\/05\/news3.jpg 596w\" sizes=\"(max-width: 767px) 100vw, 596px\" \/><\/span><\/div><\/div><\/div><div class=\"fusion-layout-column fusion_builder_column fusion-builder-column-1 fusion_builder_column_1_2 1_2 fusion-flex-column\" style=\"--awb-bg-size:cover;--awb-width-large:50%;--awb-margin-top-large:0px;--awb-spacing-right-large:3.84%;--awb-margin-bottom-large:20px;--awb-spacing-left-large:3.84%;--awb-width-medium:50%;--awb-order-medium:0;--awb-spacing-right-medium:3.84%;--awb-spacing-left-medium:3.84%;--awb-width-small:100%;--awb-order-small:0;--awb-spacing-right-small:1.92%;--awb-spacing-left-small:1.92%;\"><div class=\"fusion-column-wrapper fusion-column-has-shadow fusion-flex-justify-content-flex-start fusion-content-layout-column\"><div class=\"fusion-title title fusion-title-1 fusion-sep-none fusion-title-text fusion-title-size-two\" style=\"--awb-margin-top:0px;--awb-margin-top-small:0px;--awb-margin-right-small:0px;--awb-margin-bottom-small:10px;--awb-margin-left-small:0px;\"><h2 class=\"fusion-title-heading title-heading-left\" style=\"margin:0;\">Con Frigomec sei in buone mani<\/h2><\/div><div class=\"fusion-text fusion-text-1\"><p>Leader nella produzione di componenti chiave per i sistemi di refrigerazione e condizionamento, Frigomec vanta oltre 50 anni di esperienza e la conoscenza delle pi\u00f9 recenti direttive europee sui nuovi gas refrigeranti e delle norme di sicurezza in rapida evoluzione.<\/p>\n<p>Consapevole delle difficolt\u00e0 affrontate dai clienti per stare al passo con le nuove regole e normative, Frigomec svolge un ruolo attivo nei gruppi di lavoro ufficiali, contribuendo alla definizione delle direttive e acquisendo con largo anticipo il know-how necessario.<\/p>\n<\/div><\/div><\/div><\/div><\/div><div class=\"fusion-fullwidth fullwidth-box fusion-builder-row-2 fusion-flex-container nonhundred-percent-fullwidth non-hundred-percent-height-scrolling\" style=\"--awb-border-radius-top-left:0px;--awb-border-radius-top-right:0px;--awb-border-radius-bottom-right:0px;--awb-border-radius-bottom-left:0px;--awb-padding-top:20px;--awb-padding-bottom:20px;--awb-flex-wrap:wrap;\" ><div class=\"fusion-builder-row fusion-row fusion-flex-align-items-flex-start fusion-flex-content-wrap\" style=\"max-width:1248px;margin-left: calc(-4% \/ 2 );margin-right: calc(-4% \/ 2 );\"><div class=\"fusion-layout-column fusion_builder_column fusion-builder-column-2 fusion_builder_column_1_1 1_1 fusion-flex-column\" style=\"--awb-bg-size:cover;--awb-width-large:100%;--awb-margin-top-large:0px;--awb-spacing-right-large:1.92%;--awb-margin-bottom-large:20px;--awb-spacing-left-large:1.92%;--awb-width-medium:100%;--awb-order-medium:0;--awb-spacing-right-medium:1.92%;--awb-spacing-left-medium:1.92%;--awb-width-small:100%;--awb-order-small:0;--awb-spacing-right-small:1.92%;--awb-spacing-left-small:1.92%;\"><div class=\"fusion-column-wrapper fusion-column-has-shadow fusion-flex-justify-content-flex-start fusion-content-layout-column\"><div class=\"fusion-text fusion-text-2\"><p>Frigomec aiuta i clienti a scegliere i modelli pi\u00f9 appropriati e a definire i componenti pi\u00f9 adatti. Ci\u00f2 include soluzioni su misura, in linea con le normative definite dalle diverse autorit\u00e0 internazionali per le quali abbiamo ottenuto le certificazioni richieste.<\/p>\n<p>Grazie alla ricerca nell\u2019ambito dello sviluppo dei prodotti, alle soluzioni tecnologiche in grado di garantire la massima affidabilit\u00e0 e alle rigorose fasi di collaudo documentate, Frigomec fornisce componenti di alto livello, combinando giuste prestazioni, conformit\u00e0 alle norme di sicurezza ed efficienza a costi adeguati.<\/p>\n<p>La nostra gamma di prodotti comprende: ricevitori di liquido, separatori di liquido, separatori d\u2019olio, scambiatori di calore, collettori, silenziatori, filtri, valvole, adattatori, parti di ricambio e accessori. Su richiesta forniamo anche prodotti speciali e una gamma completa di componenti per CO<sub>2<\/sub>.<\/p>\n<p>Frigomec: non solo prodotti concepiti per il futuro della refrigerazione, ma anche un team qualificato di tecnici che seguono e supportano i clienti tramite attivit\u00e0 di co-design dei progetti.<\/p>\n<\/div><\/div><\/div><\/div><\/div><div class=\"fusion-fullwidth fullwidth-box fusion-builder-row-3 fusion-flex-container nonhundred-percent-fullwidth non-hundred-percent-height-scrolling fusion-custom-z-index\" style=\"--awb-border-radius-top-left:0px;--awb-border-radius-top-right:0px;--awb-border-radius-bottom-right:0px;--awb-border-radius-bottom-left:0px;--awb-z-index:2;--awb-padding-top:50px;--awb-padding-bottom:35px;--awb-background-color:#83a1d4;--awb-flex-wrap:wrap;\" ><div class=\"fusion-builder-row fusion-row fusion-flex-align-items-flex-start fusion-flex-content-wrap\" style=\"max-width:calc( 1200px + 80px );margin-left: calc(-80px \/ 2 );margin-right: calc(-80px \/ 2 );\"><div class=\"fusion-layout-column fusion_builder_column fusion-builder-column-3 fusion_builder_column_1_2 1_2 fusion-flex-column\" style=\"--awb-bg-size:cover;--awb-width-large:50%;--awb-margin-top-large:0px;--awb-spacing-right-large:40px;--awb-margin-bottom-large:0px;--awb-spacing-left-large:40px;--awb-width-medium:50%;--awb-order-medium:0;--awb-spacing-right-medium:40px;--awb-spacing-left-medium:40px;--awb-width-small:100%;--awb-order-small:0;--awb-spacing-right-small:40px;--awb-spacing-left-small:40px;\"><div class=\"fusion-column-wrapper fusion-column-has-shadow fusion-flex-justify-content-flex-start fusion-content-layout-column\"><div class=\"fusion-title title fusion-title-2 fusion-sep-none fusion-title-text fusion-title-size-two\" style=\"--awb-text-color:#ffffff;--awb-margin-top:0px;--awb-margin-top-small:0px;--awb-margin-right-small:0px;--awb-margin-bottom-small:10px;--awb-margin-left-small:0px;\"><h2 class=\"fusion-title-heading title-heading-left\" style=\"margin:0;\">LA NOSTRA MISSIONE<\/h2><\/div><div class=\"fusion-text fusion-text-3\" style=\"--awb-font-size:18px;--awb-text-color:#ffffff;\"><p>Essere il partner di fiducia dei costruttori di sistemi HVAC &amp; R attraverso la progettazione e la fornitura di soluzioni affidabili, sicure, competitive e adeguate alle vere necessit\u00e0 del cliente, fornendo il migliore supporto tecnico e la conoscenza degli aspetti normativi, evolvendo sempre verso nuove tecnologie e prestazioni migliori.<\/p>\n<\/div><\/div><\/div><div class=\"fusion-layout-column fusion_builder_column fusion-builder-column-4 fusion_builder_column_1_2 1_2 fusion-flex-column\" style=\"--awb-bg-size:cover;--awb-width-large:50%;--awb-margin-top-large:0px;--awb-spacing-right-large:40px;--awb-margin-bottom-large:0px;--awb-spacing-left-large:40px;--awb-width-medium:50%;--awb-order-medium:0;--awb-spacing-right-medium:40px;--awb-spacing-left-medium:40px;--awb-width-small:100%;--awb-order-small:0;--awb-spacing-right-small:40px;--awb-spacing-left-small:40px;\"><div class=\"fusion-column-wrapper fusion-column-has-shadow fusion-flex-justify-content-flex-start fusion-content-layout-column\"><div class=\"fusion-title title fusion-title-3 fusion-sep-none fusion-title-text fusion-title-size-two\" style=\"--awb-text-color:#ffffff;--awb-margin-top:0px;--awb-margin-top-small:0px;--awb-margin-right-small:0px;--awb-margin-bottom-small:10px;--awb-margin-left-small:0px;\"><h2 class=\"fusion-title-heading title-heading-left\" style=\"margin:0;\">LA NOSTRA VISIONE<\/h2><\/div><div class=\"fusion-text fusion-text-4\" style=\"--awb-font-size:18px;--awb-text-color:#ffffff;\"><p>Contribuire all\u2019evoluzione tecnologica dei sistemi HVAC &amp; R grazie alla collaborazione con i principali player del settore, con crescente attenzione verso gli aspetti ecologici e ambientali.<\/p>\n<\/div><\/div><\/div><\/div><\/div><div class=\"fusion-fullwidth fullwidth-box fusion-builder-row-4 fusion-flex-container nonhundred-percent-fullwidth non-hundred-percent-height-scrolling fusion-no-small-visibility\" style=\"--awb-border-radius-top-left:0px;--awb-border-radius-top-right:0px;--awb-border-radius-bottom-right:0px;--awb-border-radius-bottom-left:0px;--awb-padding-bottom:15px;--awb-flex-wrap:wrap;\" ><div class=\"fusion-builder-row fusion-row fusion-flex-align-items-flex-start fusion-flex-justify-content-flex-end fusion-flex-content-wrap\" style=\"max-width:calc( 1200px + 0px );margin-left: calc(-0px \/ 2 );margin-right: calc(-0px \/ 2 );\"><div class=\"fusion-layout-column fusion_builder_column fusion-builder-column-5 fusion_builder_column_1_5 1_5 fusion-flex-column\" style=\"--awb-bg-size:cover;--awb-width-large:20%;--awb-margin-top-large:-64px;--awb-spacing-right-large:0px;--awb-margin-bottom-large:0px;--awb-spacing-left-large:0px;--awb-width-medium:20%;--awb-order-medium:0;--awb-margin-top-medium:-61px;--awb-spacing-right-medium:0px;--awb-spacing-left-medium:0px;--awb-width-small:100%;--awb-order-small:0;--awb-spacing-right-small:0px;--awb-spacing-left-small:0px;\"><div class=\"fusion-column-wrapper fusion-column-has-shadow fusion-flex-justify-content-flex-start fusion-content-layout-column\"><div class=\"fusion-image-element \" style=\"text-align:left;--awb-max-width:145px;--awb-caption-title-font-family:var(--h2_typography-font-family);--awb-caption-title-font-weight:var(--h2_typography-font-weight);--awb-caption-title-font-style:var(--h2_typography-font-style);--awb-caption-title-size:var(--h2_typography-font-size);--awb-caption-title-transform:var(--h2_typography-text-transform);--awb-caption-title-line-height:var(--h2_typography-line-height);--awb-caption-title-letter-spacing:var(--h2_typography-letter-spacing);\"><span class=\" fusion-imageframe imageframe-none imageframe-2 hover-type-none linguetta-onda dx\"><img decoding=\"async\" width=\"537\" height=\"297\" title=\"onda-titolo-dx\" src=\"https:\/\/www.frigomec.com\/wp-content\/uploads\/2021\/05\/onda-titolo-dx.png\" alt class=\"img-responsive wp-image-847\" srcset=\"https:\/\/www.frigomec.com\/wp-content\/uploads\/2021\/05\/onda-titolo-dx-200x111.png 200w, https:\/\/www.frigomec.com\/wp-content\/uploads\/2021\/05\/onda-titolo-dx-400x221.png 400w, https:\/\/www.frigomec.com\/wp-content\/uploads\/2021\/05\/onda-titolo-dx.png 537w\" sizes=\"(max-width: 767px) 100vw, 400px\" \/><\/span><\/div><\/div><\/div><\/div><\/div><div class=\"fusion-fullwidth fullwidth-box fusion-builder-row-5 fusion-flex-container nonhundred-percent-fullwidth non-hundred-percent-height-scrolling\" style=\"--awb-border-radius-top-left:0px;--awb-border-radius-top-right:0px;--awb-border-radius-bottom-right:0px;--awb-border-radius-bottom-left:0px;--awb-padding-top:30px;--awb-flex-wrap:wrap;\" ><div class=\"fusion-builder-row fusion-row fusion-flex-align-items-center fusion-flex-content-wrap\" style=\"max-width:1248px;margin-left: calc(-4% \/ 2 );margin-right: calc(-4% \/ 2 );\"><div class=\"fusion-layout-column fusion_builder_column fusion-builder-column-6 fusion_builder_column_1_2 1_2 fusion-flex-column\" style=\"--awb-bg-size:cover;--awb-width-large:50%;--awb-margin-top-large:0px;--awb-spacing-right-large:3.84%;--awb-margin-bottom-large:20px;--awb-spacing-left-large:3.84%;--awb-width-medium:50%;--awb-order-medium:0;--awb-spacing-right-medium:3.84%;--awb-spacing-left-medium:3.84%;--awb-width-small:100%;--awb-order-small:0;--awb-spacing-right-small:1.92%;--awb-spacing-left-small:1.92%;\"><div class=\"fusion-column-wrapper fusion-column-has-shadow fusion-flex-justify-content-flex-start fusion-content-layout-column\"><div class=\"fusion-title title fusion-title-4 fusion-sep-none fusion-title-text fusion-title-size-two\" style=\"--awb-margin-top:0px;--awb-margin-top-small:0px;--awb-margin-right-small:0px;--awb-margin-bottom-small:10px;--awb-margin-left-small:0px;\"><h2 class=\"fusion-title-heading title-heading-left\" style=\"margin:0;\">La nostra storia<\/h2><\/div><div class=\"fusion-text fusion-text-5\" style=\"--awb-text-transform:none;\"><p>L\u2019azienda, fondata il 13 luglio 1967 da Giovanni Vignoli, produceva inizialmente piccoli serbatoi a pressione per i clienti locali. Riconosciuta quale fonte affidabile di prodotti di qualit\u00e0, l\u2019azienda ha successivamente iniziato ad espandersi per soddisfare la crescente richiesta, acquisendo clienti oltre i confini locali. Negli anni &#8217;90 le esportazioni hanno subito un\u2019impennata e l&#8217;azienda si \u00e8 guadagnata la fama di fornitore leader di componenti per i sistemi di refrigerazione a livello europeo. Verso la fine del secolo, Frigomec Spa ha acquisito numerose certificazioni internazionali che le permettono di svolgere un ruolo chiave come partner dei principali produttori OEM.<\/p>\n<p>Nel 2013, intuendo in anticipo il potenziale di sviluppo delle tecnologie basate sull\u2019utilizzo della CO<sub>2<\/sub> come fluido refrigerante, ha acquisito il 100% di Klimal Italia s.r.l. che \u00e8 stata successivamente fusa in Frigomec. A dicembre del 2012 \u00e8 stato inaugurato lo stabilimento di Villa Bartolomea (recentemente ampliato) in cui si sono concentrate le linee di produzione dei componenti ad alta pressione, idonei a servire questo mercato in evoluzione.<\/p>\n<p>Oggi, Frigomec Spa \u00e8 ancora un&#8217;azienda a conduzione familiare, guidata da Paolo Vignoli con il supporto di un team dirigenziale e di esperti qualificati nel settore dei sistemi HVAC &amp; R.<\/p>\n<\/div><\/div><\/div><div class=\"fusion-layout-column fusion_builder_column fusion-builder-column-7 fusion_builder_column_1_2 1_2 fusion-flex-column\" style=\"--awb-bg-size:cover;--awb-width-large:50%;--awb-margin-top-large:0px;--awb-spacing-right-large:3.84%;--awb-margin-bottom-large:20px;--awb-spacing-left-large:3.84%;--awb-width-medium:50%;--awb-order-medium:0;--awb-spacing-right-medium:3.84%;--awb-spacing-left-medium:3.84%;--awb-width-small:100%;--awb-order-small:0;--awb-spacing-right-small:1.92%;--awb-spacing-left-small:1.92%;\"><div class=\"fusion-column-wrapper fusion-column-has-shadow fusion-flex-justify-content-flex-start fusion-content-layout-column\"><div class=\"fusion-slider-sc\"><div class=\"fusion-flexslider-loading flexslider flexslider-hover-type-zoomin\" data-slideshow_autoplay=\"1\" data-slideshow_smooth_height=\"0\" data-slideshow_speed=\"4000\" style=\"max-width:100%;height:100%;\"><ul class=\"slides\"><li class=\"image\"><span class=\"fusion-image-hover-element hover-type-zoomin\"><img decoding=\"async\" src=\"https:\/\/www.frigomec.com\/wp-content\/uploads\/2021\/12\/about_US-02.jpg\" width=\"880\" height=\"586\" class=\"wp-image-1088\" srcset=\"https:\/\/www.frigomec.com\/wp-content\/uploads\/2021\/12\/about_US-02-200x133.jpg 200w, https:\/\/www.frigomec.com\/wp-content\/uploads\/2021\/12\/about_US-02-400x266.jpg 400w, https:\/\/www.frigomec.com\/wp-content\/uploads\/2021\/12\/about_US-02-600x400.jpg 600w, https:\/\/www.frigomec.com\/wp-content\/uploads\/2021\/12\/about_US-02-800x533.jpg 800w, https:\/\/www.frigomec.com\/wp-content\/uploads\/2021\/12\/about_US-02.jpg 880w\" sizes=\"(max-width: 767px) 100vw, 600px\" \/><\/span><\/li><li class=\"image\"><span class=\"fusion-image-hover-element hover-type-zoomin\"><img decoding=\"async\" src=\"https:\/\/www.frigomec.com\/wp-content\/uploads\/2021\/12\/capannone.jpg\" width=\"880\" height=\"586\" class=\"wp-image-802\" srcset=\"https:\/\/www.frigomec.com\/wp-content\/uploads\/2021\/12\/capannone-200x133.jpg 200w, https:\/\/www.frigomec.com\/wp-content\/uploads\/2021\/12\/capannone-400x266.jpg 400w, https:\/\/www.frigomec.com\/wp-content\/uploads\/2021\/12\/capannone-600x400.jpg 600w, https:\/\/www.frigomec.com\/wp-content\/uploads\/2021\/12\/capannone-800x533.jpg 800w, https:\/\/www.frigomec.com\/wp-content\/uploads\/2021\/12\/capannone.jpg 880w\" sizes=\"(max-width: 767px) 100vw, 600px\" \/><\/span><\/li><li class=\"image\"><span class=\"fusion-image-hover-element hover-type-zoomin\"><img decoding=\"async\" src=\"https:\/\/www.frigomec.com\/wp-content\/uploads\/2021\/10\/gruppo.jpg\" width=\"880\" height=\"586\" class=\"wp-image-442\" srcset=\"https:\/\/www.frigomec.com\/wp-content\/uploads\/2021\/10\/gruppo-200x133.jpg 200w, https:\/\/www.frigomec.com\/wp-content\/uploads\/2021\/10\/gruppo-400x266.jpg 400w, https:\/\/www.frigomec.com\/wp-content\/uploads\/2021\/10\/gruppo-600x400.jpg 600w, https:\/\/www.frigomec.com\/wp-content\/uploads\/2021\/10\/gruppo-800x533.jpg 800w, https:\/\/www.frigomec.com\/wp-content\/uploads\/2021\/10\/gruppo.jpg 880w\" sizes=\"(max-width: 767px) 100vw, 600px\" \/><\/span><\/li><li class=\"image\"><span class=\"fusion-image-hover-element hover-type-zoomin\"><img decoding=\"async\" src=\"https:\/\/www.frigomec.com\/wp-content\/uploads\/2021\/12\/about_US-03.jpg\" width=\"880\" height=\"586\" class=\"wp-image-1091\" srcset=\"https:\/\/www.frigomec.com\/wp-content\/uploads\/2021\/12\/about_US-03-200x133.jpg 200w, https:\/\/www.frigomec.com\/wp-content\/uploads\/2021\/12\/about_US-03-400x266.jpg 400w, https:\/\/www.frigomec.com\/wp-content\/uploads\/2021\/12\/about_US-03-600x400.jpg 600w, https:\/\/www.frigomec.com\/wp-content\/uploads\/2021\/12\/about_US-03-800x533.jpg 800w, https:\/\/www.frigomec.com\/wp-content\/uploads\/2021\/12\/about_US-03.jpg 880w\" sizes=\"(max-width: 767px) 100vw, 600px\" \/><\/span><\/li><li class=\"image\"><span class=\"fusion-image-hover-element hover-type-zoomin\"><img decoding=\"async\" src=\"https:\/\/www.frigomec.com\/wp-content\/uploads\/2021\/12\/about_US-04.jpg\" width=\"880\" height=\"586\" class=\"wp-image-1094\" srcset=\"https:\/\/www.frigomec.com\/wp-content\/uploads\/2021\/12\/about_US-04-200x133.jpg 200w, https:\/\/www.frigomec.com\/wp-content\/uploads\/2021\/12\/about_US-04-400x266.jpg 400w, https:\/\/www.frigomec.com\/wp-content\/uploads\/2021\/12\/about_US-04-600x400.jpg 600w, https:\/\/www.frigomec.com\/wp-content\/uploads\/2021\/12\/about_US-04-800x533.jpg 800w, https:\/\/www.frigomec.com\/wp-content\/uploads\/2021\/12\/about_US-04.jpg 880w\" sizes=\"(max-width: 767px) 100vw, 600px\" \/><\/span><\/li><\/ul><\/div><\/div><\/div><\/div><\/div><\/div><\/p>\n","protected":false},"excerpt":{"rendered":"","protected":false},"author":1,"featured_media":0,"parent":0,"menu_order":0,"comment_status":"closed","ping_status":"closed","template":"100-width.php","meta":{"footnotes":""},"class_list":["post-1353","page","type-page","status-publish","hentry"],"_links":{"self":[{"href":"https:\/\/www.frigomec.com\/it\/wp-json\/wp\/v2\/pages\/1353","targetHints":{"allow":["GET"]}}],"collection":[{"href":"https:\/\/www.frigomec.com\/it\/wp-json\/wp\/v2\/pages"}],"about":[{"href":"https:\/\/www.frigomec.com\/it\/wp-json\/wp\/v2\/types\/page"}],"author":[{"embeddable":true,"href":"https:\/\/www.frigomec.com\/it\/wp-json\/wp\/v2\/users\/1"}],"replies":[{"embeddable":true,"href":"https:\/\/www.frigomec.com\/it\/wp-json\/wp\/v2\/comments?post=1353"}],"version-history":[{"count":8,"href":"https:\/\/www.frigomec.com\/it\/wp-json\/wp\/v2\/pages\/1353\/revisions"}],"predecessor-version":[{"id":1605,"href":"https:\/\/www.frigomec.com\/it\/wp-json\/wp\/v2\/pages\/1353\/revisions\/1605"}],"wp:attachment":[{"href":"https:\/\/www.frigomec.com\/it\/wp-json\/wp\/v2\/media?parent=1353"}],"curies":[{"name":"wp","href":"https:\/\/api.w.org\/{rel}","templated":true}]}}