{"id":1684,"date":"2022-01-18T17:46:36","date_gmt":"2022-01-18T16:46:36","guid":{"rendered":"https:\/\/wp.frigomec.com\/qualitaet\/"},"modified":"2026-02-05T15:07:57","modified_gmt":"2026-02-05T14:07:57","slug":"qualitat","status":"publish","type":"page","link":"https:\/\/www.frigomec.com\/de\/qualitat\/","title":{"rendered":"Qualit\u00e4t"},"content":{"rendered":"<p><div class=\"fusion-fullwidth fullwidth-box fusion-builder-row-1 fusion-flex-container nonhundred-percent-fullwidth non-hundred-percent-height-scrolling\" style=\"--awb-border-radius-top-left:0px;--awb-border-radius-top-right:0px;--awb-border-radius-bottom-right:0px;--awb-border-radius-bottom-left:0px;--awb-padding-bottom:30px;--awb-flex-wrap:wrap;\" ><div class=\"fusion-builder-row fusion-row fusion-flex-align-items-center fusion-flex-content-wrap\" style=\"max-width:1248px;margin-left: calc(-4% \/ 2 );margin-right: calc(-4% \/ 2 );\"><div class=\"fusion-layout-column fusion_builder_column fusion-builder-column-0 fusion_builder_column_1_1 1_1 fusion-flex-column\" style=\"--awb-bg-size:cover;--awb-width-large:100%;--awb-margin-top-large:0px;--awb-spacing-right-large:1.92%;--awb-margin-bottom-large:20px;--awb-spacing-left-large:1.92%;--awb-width-medium:100%;--awb-order-medium:0;--awb-spacing-right-medium:1.92%;--awb-spacing-left-medium:1.92%;--awb-width-small:100%;--awb-order-small:0;--awb-spacing-right-small:1.92%;--awb-spacing-left-small:1.92%;\"><div class=\"fusion-column-wrapper fusion-column-has-shadow fusion-flex-justify-content-flex-start fusion-content-layout-column\"><div class=\"fusion-text fusion-text-1\" style=\"--awb-text-transform:none;\"><p>Werfen Sie einen Blick auf unser <strong>Engagement f\u00fcr Qualit\u00e4t<\/strong> und unsere kontinuierliche <strong>Forschungs- und Entwicklungst\u00e4tigkeit<\/strong>. Entdecken Sie die <strong>strengen Methoden<\/strong>, die wir zur Optimierung aller Prozesse anwenden, indem wir fortschrittliche Techniken und <strong>modernste Testverfahren<\/strong> einsetzen.<\/p>\n<\/div><\/div><\/div><\/div><\/div><div class=\"fusion-fullwidth fullwidth-box fusion-builder-row-2 fusion-flex-container nonhundred-percent-fullwidth non-hundred-percent-height-scrolling\" style=\"--awb-border-radius-top-left:0px;--awb-border-radius-top-right:0px;--awb-border-radius-bottom-right:0px;--awb-border-radius-bottom-left:0px;--awb-padding-top:50px;--awb-padding-bottom:30px;--awb-background-color:#f4f4f4;--awb-flex-wrap:wrap;\" ><div class=\"fusion-builder-row fusion-row fusion-flex-align-items-flex-start fusion-flex-content-wrap\" style=\"max-width:1248px;margin-left: calc(-4% \/ 2 );margin-right: calc(-4% \/ 2 );\"><div class=\"fusion-layout-column fusion_builder_column fusion-builder-column-1 fusion_builder_column_1_4 1_4 fusion-flex-column\" style=\"--awb-bg-size:cover;--awb-width-large:25%;--awb-margin-top-large:0px;--awb-spacing-right-large:7.68%;--awb-margin-bottom-large:20px;--awb-spacing-left-large:7.68%;--awb-width-medium:50%;--awb-order-medium:0;--awb-spacing-right-medium:3.84%;--awb-spacing-left-medium:3.84%;--awb-width-small:100%;--awb-order-small:0;--awb-spacing-right-small:1.92%;--awb-spacing-left-small:1.92%;\"><div class=\"fusion-column-wrapper fusion-column-has-shadow fusion-flex-justify-content-flex-start fusion-content-layout-column\"><i class=\"fb-icon-element-1 fb-icon-element fontawesome-icon fa-award fas circle-yes\" style=\"--awb-circlecolor:#1d71b8;--awb-circlecolor-hover:#1d71b8;--awb-circlebordercolor-hover:#4a4e57;--awb-circlebordersize:0px;--awb-font-size:47.52px;--awb-width:95.04px;--awb-height:95.04px;--awb-line-height:95.04px;--awb-align-self:center;--awb-margin-top:0px;--awb-margin-right:0px;--awb-margin-bottom:15px;--awb-margin-left:0px;\"><\/i><div class=\"fusion-title title fusion-title-1 fusion-sep-none fusion-title-center fusion-title-text fusion-title-size-two\" style=\"--awb-margin-top:0px;--awb-margin-top-small:0px;--awb-margin-right-small:0px;--awb-margin-bottom-small:10px;--awb-margin-left-small:0px;\"><h2 class=\"fusion-title-heading title-heading-center\" style=\"margin:0;\">QUALIT\u00c4T<\/h2><\/div><div class=\"fusion-text fusion-text-2\" style=\"--awb-content-alignment:center;--awb-text-transform:none;\"><p>Qualit\u00e4t ist ein fester Bestandteil unserer Unternehmenskultur, was durch unsere Zertifizierungen und die Teilnahme an internationalen Arbeitsgruppen belegt wird.<\/p>\n<\/div><\/div><\/div><div class=\"fusion-layout-column fusion_builder_column fusion-builder-column-2 fusion_builder_column_1_4 1_4 fusion-flex-column\" style=\"--awb-bg-size:cover;--awb-width-large:25%;--awb-margin-top-large:0px;--awb-spacing-right-large:7.68%;--awb-margin-bottom-large:20px;--awb-spacing-left-large:7.68%;--awb-width-medium:50%;--awb-order-medium:0;--awb-spacing-right-medium:3.84%;--awb-spacing-left-medium:3.84%;--awb-width-small:100%;--awb-order-small:0;--awb-spacing-right-small:1.92%;--awb-spacing-left-small:1.92%;\"><div class=\"fusion-column-wrapper fusion-column-has-shadow fusion-flex-justify-content-flex-start fusion-content-layout-column\"><i class=\"fb-icon-element-2 fb-icon-element fontawesome-icon fa-search fas circle-yes\" style=\"--awb-circlecolor:#1d71b8;--awb-circlecolor-hover:#1d71b8;--awb-circlebordercolor-hover:#4a4e57;--awb-circlebordersize:0px;--awb-font-size:47.52px;--awb-width:95.04px;--awb-height:95.04px;--awb-line-height:95.04px;--awb-align-self:center;--awb-margin-top:0px;--awb-margin-right:0px;--awb-margin-bottom:15px;--awb-margin-left:0px;\"><\/i><div class=\"fusion-title title fusion-title-2 fusion-sep-none fusion-title-center fusion-title-text fusion-title-size-two\" style=\"--awb-margin-top:0px;--awb-margin-top-small:0px;--awb-margin-right-small:0px;--awb-margin-bottom-small:10px;--awb-margin-left-small:0px;\"><h2 class=\"fusion-title-heading title-heading-center\" style=\"margin:0;\">F&amp;E<\/h2><\/div><div class=\"fusion-text fusion-text-3\" style=\"--awb-content-alignment:center;--awb-text-transform:none;\"><p>Unsere Forschung konzentriert sich auf die Entwicklung fortschrittlicher Produktionsverfahren zur Verbesserung der Endqualit\u00e4t all unserer Produkte.<\/p>\n<\/div><\/div><\/div><div class=\"fusion-layout-column fusion_builder_column fusion-builder-column-3 fusion_builder_column_1_4 1_4 fusion-flex-column\" style=\"--awb-bg-size:cover;--awb-width-large:25%;--awb-margin-top-large:0px;--awb-spacing-right-large:7.68%;--awb-margin-bottom-large:20px;--awb-spacing-left-large:7.68%;--awb-width-medium:50%;--awb-order-medium:0;--awb-spacing-right-medium:3.84%;--awb-spacing-left-medium:3.84%;--awb-width-small:100%;--awb-order-small:0;--awb-spacing-right-small:1.92%;--awb-spacing-left-small:1.92%;\"><div class=\"fusion-column-wrapper fusion-column-has-shadow fusion-flex-justify-content-flex-start fusion-content-layout-column\"><i class=\"fb-icon-element-3 fb-icon-element fontawesome-icon fa-stream fas circle-yes\" style=\"--awb-circlecolor:#1d71b8;--awb-circlecolor-hover:#1d71b8;--awb-circlebordercolor-hover:#4a4e57;--awb-circlebordersize:0px;--awb-font-size:47.52px;--awb-width:95.04px;--awb-height:95.04px;--awb-line-height:95.04px;--awb-align-self:center;--awb-margin-top:0px;--awb-margin-right:0px;--awb-margin-bottom:15px;--awb-margin-left:0px;\"><\/i><div class=\"fusion-title title fusion-title-3 fusion-sep-none fusion-title-center fusion-title-text fusion-title-size-two\" style=\"--awb-margin-top:0px;--awb-margin-top-small:0px;--awb-margin-right-small:0px;--awb-margin-bottom-small:10px;--awb-margin-left-small:0px;\"><h2 class=\"fusion-title-heading title-heading-center\" style=\"margin:0;\">VERFAHREN<\/h2><\/div><div class=\"fusion-text fusion-text-4\" style=\"--awb-content-alignment:center;--awb-text-transform:none;\"><p>Im Rahmen des Lean-Manufacturing-Konzepts ist es unser Ziel, die Lieferzeiten zu verk\u00fcrzen, die Prozesseffizienz zu erh\u00f6hen und Unn\u00f6tiges zu eliminieren.<\/p>\n<\/div><\/div><\/div><div class=\"fusion-layout-column fusion_builder_column fusion-builder-column-4 fusion_builder_column_1_4 1_4 fusion-flex-column\" style=\"--awb-bg-size:cover;--awb-width-large:25%;--awb-margin-top-large:0px;--awb-spacing-right-large:7.68%;--awb-margin-bottom-large:20px;--awb-spacing-left-large:7.68%;--awb-width-medium:50%;--awb-order-medium:0;--awb-spacing-right-medium:3.84%;--awb-spacing-left-medium:3.84%;--awb-width-small:100%;--awb-order-small:0;--awb-spacing-right-small:1.92%;--awb-spacing-left-small:1.92%;\"><div class=\"fusion-column-wrapper fusion-column-has-shadow fusion-flex-justify-content-flex-start fusion-content-layout-column\"><i class=\"fb-icon-element-4 fb-icon-element fontawesome-icon fa-project-diagram fas circle-yes\" style=\"--awb-circlecolor:#1d71b8;--awb-circlecolor-hover:#1d71b8;--awb-circlebordercolor-hover:#4a4e57;--awb-circlebordersize:0px;--awb-font-size:47.52px;--awb-width:95.04px;--awb-height:95.04px;--awb-line-height:95.04px;--awb-align-self:center;--awb-margin-top:0px;--awb-margin-right:0px;--awb-margin-bottom:15px;--awb-margin-left:0px;\"><\/i><div class=\"fusion-title title fusion-title-4 fusion-sep-none fusion-title-center fusion-title-text fusion-title-size-two\" style=\"--awb-margin-top:0px;--awb-margin-top-small:0px;--awb-margin-right-small:0px;--awb-margin-bottom-small:10px;--awb-margin-left-small:0px;\"><h2 class=\"fusion-title-heading title-heading-center\" style=\"margin:0;\">ENDPR\u00dcFUNG<\/h2><\/div><div class=\"fusion-text fusion-text-5\" style=\"--awb-content-alignment:center;--awb-text-transform:none;\"><p>Zus\u00e4tzlich zu den strengen Kontrollen, die wir im Produktionsprozess durchf\u00fchren, testen wir 100 % unserer Produkte mit modernsten Methoden und Instrumenten.<\/p>\n<\/div><\/div><\/div><\/div><\/div><div class=\"fusion-fullwidth fullwidth-box fusion-builder-row-3 fusion-flex-container nonhundred-percent-fullwidth non-hundred-percent-height-scrolling\" style=\"--awb-border-radius-top-left:0px;--awb-border-radius-top-right:0px;--awb-border-radius-bottom-right:0px;--awb-border-radius-bottom-left:0px;--awb-padding-top:60px;--awb-flex-wrap:wrap;\" ><div class=\"fusion-builder-row fusion-row fusion-flex-align-items-center fusion-flex-content-wrap\" style=\"max-width:1248px;margin-left: calc(-4% \/ 2 );margin-right: calc(-4% \/ 2 );\"><div class=\"fusion-layout-column fusion_builder_column fusion-builder-column-5 fusion_builder_column_1_1 1_1 fusion-flex-column\" style=\"--awb-bg-size:cover;--awb-width-large:100%;--awb-margin-top-large:0px;--awb-spacing-right-large:1.92%;--awb-margin-bottom-large:20px;--awb-spacing-left-large:1.92%;--awb-width-medium:100%;--awb-order-medium:0;--awb-spacing-right-medium:1.92%;--awb-spacing-left-medium:1.92%;--awb-width-small:100%;--awb-order-small:0;--awb-spacing-right-small:1.92%;--awb-spacing-left-small:1.92%;\"><div class=\"fusion-column-wrapper fusion-column-has-shadow fusion-flex-justify-content-flex-start fusion-content-layout-column\"><div class=\"fusion-title title fusion-title-5 fusion-sep-none fusion-title-center fusion-title-text fusion-title-size-four\" style=\"--awb-text-color:#1d71b8;--awb-margin-top:0px;--awb-margin-top-small:0px;--awb-margin-right-small:0px;--awb-margin-bottom-small:10px;--awb-margin-left-small:0px;--awb-font-size:30px;\"><h4 class=\"fusion-title-heading title-heading-center\" style=\"margin:0;font-size:1em;\"><p>Wir bedienen einen internationalen Markt und haben die notwendigen Zertifizierungen erworben, um die Qualit\u00e4t unserer Produkte und Dienstleistungen zu gew\u00e4hrleisten.<br \/>\nJedes Jahr bem\u00fchen wir uns erneut darum, diese Liste an Zertifizierungen zu erweitern.<\/p><\/h4><\/div><\/div><\/div><\/div><\/div><div class=\"fusion-fullwidth fullwidth-box fusion-builder-row-4 fusion-flex-container nonhundred-percent-fullwidth non-hundred-percent-height-scrolling\" style=\"--awb-border-radius-top-left:0px;--awb-border-radius-top-right:0px;--awb-border-radius-bottom-right:0px;--awb-border-radius-bottom-left:0px;--awb-padding-top:30px;--awb-flex-wrap:wrap;\" ><div class=\"fusion-builder-row fusion-row fusion-flex-align-items-center fusion-flex-content-wrap\" style=\"max-width:calc( 1200px + 80px );margin-left: calc(-80px \/ 2 );margin-right: calc(-80px \/ 2 );\"><div class=\"fusion-layout-column fusion_builder_column fusion-builder-column-6 fusion_builder_column_1_3 1_3 fusion-flex-column\" style=\"--awb-bg-size:cover;--awb-width-large:33.333333333333%;--awb-margin-top-large:0px;--awb-spacing-right-large:40px;--awb-margin-bottom-large:20px;--awb-spacing-left-large:40px;--awb-width-medium:33.333333333333%;--awb-order-medium:0;--awb-spacing-right-medium:40px;--awb-spacing-left-medium:40px;--awb-width-small:100%;--awb-order-small:0;--awb-spacing-right-small:40px;--awb-spacing-left-small:40px;\"><div class=\"fusion-column-wrapper fusion-column-has-shadow fusion-flex-justify-content-flex-start fusion-content-layout-column\"><div class=\"fusion-image-element \" style=\"--awb-caption-title-font-family:var(--h2_typography-font-family);--awb-caption-title-font-weight:var(--h2_typography-font-weight);--awb-caption-title-font-style:var(--h2_typography-font-style);--awb-caption-title-size:var(--h2_typography-font-size);--awb-caption-title-transform:var(--h2_typography-text-transform);--awb-caption-title-line-height:var(--h2_typography-line-height);--awb-caption-title-letter-spacing:var(--h2_typography-letter-spacing);\"><span class=\" fusion-imageframe imageframe-none imageframe-1 hover-type-none\" style=\"border:1px solid #e2e2e2;\"><img decoding=\"async\" width=\"1024\" height=\"1024\" title=\"QUALITY_4\" src=\"https:\/\/www.frigomec.com\/wp-content\/uploads\/2022\/01\/QUALITY_4-1024x1024.png\" alt class=\"img-responsive wp-image-1942\" srcset=\"https:\/\/www.frigomec.com\/wp-content\/uploads\/2022\/01\/QUALITY_4-200x200.png 200w, https:\/\/www.frigomec.com\/wp-content\/uploads\/2022\/01\/QUALITY_4-400x400.png 400w, https:\/\/www.frigomec.com\/wp-content\/uploads\/2022\/01\/QUALITY_4-600x600.png 600w, https:\/\/www.frigomec.com\/wp-content\/uploads\/2022\/01\/QUALITY_4-800x800.png 800w, https:\/\/www.frigomec.com\/wp-content\/uploads\/2022\/01\/QUALITY_4-1200x1200.png 1200w, https:\/\/www.frigomec.com\/wp-content\/uploads\/2022\/01\/QUALITY_4.png 1333w\" sizes=\"(max-width: 767px) 100vw, 400px\" \/><\/span><\/div><\/div><\/div><div class=\"fusion-layout-column fusion_builder_column fusion-builder-column-7 fusion_builder_column_2_3 2_3 fusion-flex-column\" style=\"--awb-bg-size:cover;--awb-width-large:66.666666666667%;--awb-margin-top-large:0px;--awb-spacing-right-large:40px;--awb-margin-bottom-large:20px;--awb-spacing-left-large:40px;--awb-width-medium:66.666666666667%;--awb-order-medium:0;--awb-spacing-right-medium:40px;--awb-spacing-left-medium:40px;--awb-width-small:100%;--awb-order-small:0;--awb-spacing-right-small:40px;--awb-spacing-left-small:40px;\"><div class=\"fusion-column-wrapper fusion-column-has-shadow fusion-flex-justify-content-flex-start fusion-content-layout-column\"><div class=\"fusion-title title fusion-title-6 fusion-sep-none fusion-title-text fusion-title-size-two\" style=\"--awb-margin-top:0px;--awb-margin-top-small:0px;--awb-margin-right-small:0px;--awb-margin-bottom-small:10px;--awb-margin-left-small:0px;\"><h2 class=\"fusion-title-heading title-heading-left\" style=\"margin:0;\">Zertifizierungen, die Sie interessieren k\u00f6nnten, anzeigen oder herunterladen<\/h2><\/div><ul style=\"--awb-size:15px;--awb-line-height:25.5px;--awb-icon-width:25.5px;--awb-icon-height:25.5px;--awb-icon-margin:10.5px;--awb-content-margin:36px;--awb-circlecolor:#1d71b8;--awb-circle-yes-font-size:13.2px;\" class=\"fusion-checklist fusion-checklist-1 fusion-checklist-default type-icons link-evidenziati\"><li class=\"fusion-li-item\" style=\"\"><span class=\"icon-wrapper circle-yes\"><i class=\"fusion-li-icon fa-file-alt fas\" aria-hidden=\"true\"><\/i><\/span><div class=\"fusion-li-item-content\">\n<p><a href=\"https:\/\/www.frigomec.com\/wp-content\/uploads\/2022\/02\/Modulo-B-S.-Pietro.pdf\" target=\"_blank\" rel=\"noopener\">Modul B<\/a>,\u00a0<a href=\"https:\/\/www.frigomec.com\/wp-content\/uploads\/2026\/02\/Frigomec_PED_Modul-D_2025.pdf\" target=\"_blank\" rel=\"noopener\">Modul D<\/a> und\u00a0<a href=\"https:\/\/www.frigomec.com\/wp-content\/uploads\/2026\/02\/Frigomec_PED_Modul-D1_2025.pdf\" target=\"_blank\" rel=\"noopener\">Modul D1<\/a> gem\u00e4\u00df der Richtlinie 2014\/68\/EU<\/p>\n<\/div><\/li><li class=\"fusion-li-item\" style=\"\"><span class=\"icon-wrapper circle-yes\"><i class=\"fusion-li-icon fa-file-alt fas\" aria-hidden=\"true\"><\/i><\/span><div class=\"fusion-li-item-content\">\n<div class=\"fusion-li-item-content\">\n<p><a href=\"https:\/\/www.frigomec.com\/wp-content\/uploads\/2025\/05\/EN-3834-3-Rev.2_SoloCert.pdf\" target=\"_blank\" rel=\"noopener\">EN ISO 3834-3<\/a> und\u00a0<a href=\"https:\/\/www.frigomec.com\/wp-content\/uploads\/2025\/07\/rohzertifikat_Zert_HP0_dt_rev02_DE.pdf\" target=\"_blank\" rel=\"noopener\">AD-HP0<\/a><\/p>\n<\/div>\n<\/div><\/li><li class=\"fusion-li-item\" style=\"\"><span class=\"icon-wrapper circle-yes\"><i class=\"fusion-li-icon fa-file-alt fas\" aria-hidden=\"true\"><\/i><\/span><div class=\"fusion-li-item-content\">\n<p><a href=\"https:\/\/www.frigomec.com\/wp-content\/uploads\/2025\/07\/ISO-9001-2015-FRIGOMEC-S.p.a.-ITA-DE_Rev.008.pdf\" target=\"_blank\" rel=\"noopener\">UNI EN ISO 9001:2015<\/a><\/p>\n<\/div><\/li><li class=\"fusion-li-item\" style=\"\"><span class=\"icon-wrapper circle-yes\"><i class=\"fusion-li-icon fa-file-alt fas\" aria-hidden=\"true\"><\/i><\/span><div class=\"fusion-li-item-content\">\n<p><a href=\"https:\/\/www.frigomec.com\/wp-content\/uploads\/2025\/12\/\u0415\u0410\u042d\u0421-KZ.7100841.13.12.01353.pdf\" target=\"_blank\" rel=\"noopener\">EAC-Kennzeichnung gem\u00e4\u00df Regelung TP TC 032\/2013 f\u00fcr Druckger\u00e4te der Kategorien I-II<\/a>, f\u00fcr <a href=\"https:\/\/www.frigomec.com\/wp-content\/uploads\/2025\/12\/\u0415\u0410\u042d\u0421-KZ.7100841.13.12.01342.pdf\" target=\"_blank\" rel=\"noopener\">Armaturen der Kategorien I-II<\/a> (f\u00fcr den russischen Markt)<\/p>\n<\/div><\/li><li class=\"fusion-li-item\" style=\"\"><span class=\"icon-wrapper circle-yes\"><i class=\"fusion-li-icon fa-file-alt fas\" aria-hidden=\"true\"><\/i><\/span><div class=\"fusion-li-item-content\">\n<p><a href=\"https:\/\/www.frigomec.com\/wp-content\/uploads\/2023\/06\/ASME_U_STAMP2023.pdf\" target=\"_blank\" rel=\"noopener\">ASME VIII Div.1 Zertifizierung \u2013 U Stamp<\/a>,\u00a0<a href=\"https:\/\/www.frigomec.com\/wp-content\/uploads\/2025\/08\/102690-UM-CERT-6.23.25-CD.pdf\" target=\"_blank\" rel=\"noopener\">UM Stamp<\/a> und\u00a0<a href=\"https:\/\/www.frigomec.com\/wp-content\/uploads\/2022\/02\/frigomec-s.p.a.-73292-nb-cert.pdf\" target=\"_blank\" rel=\"noopener\">National Board<\/a><\/p>\n<\/div><\/li><li class=\"fusion-li-item\" style=\"\"><span class=\"icon-wrapper circle-yes\"><i class=\"fusion-li-icon fa-file-alt fas\" aria-hidden=\"true\"><\/i><\/span><div class=\"fusion-li-item-content\">\n<div class=\"fusion-li-item-content\">\n<p><a href=\"https:\/\/www.frigomec.com\/wp-content\/uploads\/2022\/02\/SA12376-UL.pdf\" target=\"_blank\" rel=\"noopener\">UL zugelassene Produkte, Fl\u00fcssigkeitssammler<\/a> und\u00a0<a href=\"https:\/\/www.frigomec.com\/wp-content\/uploads\/2022\/02\/SA33564-UL.pdf\" target=\"_blank\" rel=\"noopener\">\u00d6labscheider<\/a> (f\u00fcr den US-amerikanischen und kanadischen Markt). Other Produkte available auf Anfrage<\/p>\n<\/div>\n<\/div><\/li><li class=\"fusion-li-item\" style=\"\"><span class=\"icon-wrapper circle-yes\"><i class=\"fusion-li-icon fa-file-alt fas\" aria-hidden=\"true\"><\/i><\/span><div class=\"fusion-li-item-content\">\n<p>Auf Anfrage, AS 4343-gepr\u00fcfte Produkte (f\u00fcr den australischen Markt)<\/p>\n<\/div><\/li><li class=\"fusion-li-item\" style=\"\"><span class=\"icon-wrapper circle-yes\"><i class=\"fusion-li-icon fa-file-alt fas\" aria-hidden=\"true\"><\/i><\/span><div class=\"fusion-li-item-content\">\n<p><a href=\"https:\/\/www.frigomec.com\/wp-content\/uploads\/2025\/01\/ALL-01-MGQ-2024-TED.pdf\" target=\"_blank\" rel=\"noopener\">\u00a0QUALIT\u00c4TSPOLITIK-ERKL\u00c4RUNG<\/a><\/p>\n<\/div><\/li><\/ul><\/div><\/div><\/div><\/div><\/p>\n","protected":false},"excerpt":{"rendered":"","protected":false},"author":1,"featured_media":0,"parent":0,"menu_order":0,"comment_status":"closed","ping_status":"closed","template":"100-width.php","meta":{"footnotes":""},"class_list":["post-1684","page","type-page","status-publish","hentry"],"_links":{"self":[{"href":"https:\/\/www.frigomec.com\/de\/wp-json\/wp\/v2\/pages\/1684","targetHints":{"allow":["GET"]}}],"collection":[{"href":"https:\/\/www.frigomec.com\/de\/wp-json\/wp\/v2\/pages"}],"about":[{"href":"https:\/\/www.frigomec.com\/de\/wp-json\/wp\/v2\/types\/page"}],"author":[{"embeddable":true,"href":"https:\/\/www.frigomec.com\/de\/wp-json\/wp\/v2\/users\/1"}],"replies":[{"embeddable":true,"href":"https:\/\/www.frigomec.com\/de\/wp-json\/wp\/v2\/comments?post=1684"}],"version-history":[{"count":39,"href":"https:\/\/www.frigomec.com\/de\/wp-json\/wp\/v2\/pages\/1684\/revisions"}],"predecessor-version":[{"id":3149,"href":"https:\/\/www.frigomec.com\/de\/wp-json\/wp\/v2\/pages\/1684\/revisions\/3149"}],"wp:attachment":[{"href":"https:\/\/www.frigomec.com\/de\/wp-json\/wp\/v2\/media?parent=1684"}],"curies":[{"name":"wp","href":"https:\/\/api.w.org\/{rel}","templated":true}]}}