{"id":1658,"date":"2022-01-17T18:39:08","date_gmt":"2022-01-17T17:39:08","guid":{"rendered":"https:\/\/wp.frigomec.com\/ueber-uns\/"},"modified":"2023-02-27T17:20:29","modified_gmt":"2023-02-27T16:20:29","slug":"ueber-uns","status":"publish","type":"page","link":"https:\/\/www.frigomec.com\/de\/ueber-uns\/","title":{"rendered":"\u00dcber Uns"},"content":{"rendered":"<p><div class=\"fusion-fullwidth fullwidth-box fusion-builder-row-1 fusion-flex-container nonhundred-percent-fullwidth non-hundred-percent-height-scrolling\" style=\"--awb-border-radius-top-left:0px;--awb-border-radius-top-right:0px;--awb-border-radius-bottom-right:0px;--awb-border-radius-bottom-left:0px;--awb-flex-wrap:wrap;\" ><div class=\"fusion-builder-row fusion-row fusion-flex-align-items-center fusion-flex-content-wrap\" style=\"max-width:1248px;margin-left: calc(-4% \/ 2 );margin-right: calc(-4% \/ 2 );\"><div class=\"fusion-layout-column fusion_builder_column fusion-builder-column-0 fusion_builder_column_1_2 1_2 fusion-flex-column\" style=\"--awb-bg-size:cover;--awb-width-large:50%;--awb-margin-top-large:0px;--awb-spacing-right-large:3.84%;--awb-margin-bottom-large:20px;--awb-spacing-left-large:3.84%;--awb-width-medium:50%;--awb-order-medium:0;--awb-spacing-right-medium:3.84%;--awb-spacing-left-medium:3.84%;--awb-width-small:100%;--awb-order-small:0;--awb-spacing-right-small:1.92%;--awb-spacing-left-small:1.92%;\"><div class=\"fusion-column-wrapper fusion-column-has-shadow fusion-flex-justify-content-flex-start fusion-content-layout-column\"><div class=\"fusion-image-element \" style=\"--awb-caption-title-font-family:var(--h2_typography-font-family);--awb-caption-title-font-weight:var(--h2_typography-font-weight);--awb-caption-title-font-style:var(--h2_typography-font-style);--awb-caption-title-size:var(--h2_typography-font-size);--awb-caption-title-transform:var(--h2_typography-text-transform);--awb-caption-title-line-height:var(--h2_typography-line-height);--awb-caption-title-letter-spacing:var(--h2_typography-letter-spacing);\"><span class=\" fusion-imageframe imageframe-none imageframe-1 hover-type-none\"><img decoding=\"async\" width=\"596\" height=\"360\" title=\"news3\" src=\"https:\/\/www.frigomec.com\/wp-content\/uploads\/2021\/05\/news3.jpg\" alt class=\"img-responsive wp-image-848\" srcset=\"https:\/\/www.frigomec.com\/wp-content\/uploads\/2021\/05\/news3-200x121.jpg 200w, https:\/\/www.frigomec.com\/wp-content\/uploads\/2021\/05\/news3-400x242.jpg 400w, https:\/\/www.frigomec.com\/wp-content\/uploads\/2021\/05\/news3.jpg 596w\" sizes=\"(max-width: 767px) 100vw, 596px\" \/><\/span><\/div><\/div><\/div><div class=\"fusion-layout-column fusion_builder_column fusion-builder-column-1 fusion_builder_column_1_2 1_2 fusion-flex-column\" style=\"--awb-bg-size:cover;--awb-width-large:50%;--awb-margin-top-large:0px;--awb-spacing-right-large:3.84%;--awb-margin-bottom-large:20px;--awb-spacing-left-large:3.84%;--awb-width-medium:50%;--awb-order-medium:0;--awb-spacing-right-medium:3.84%;--awb-spacing-left-medium:3.84%;--awb-width-small:100%;--awb-order-small:0;--awb-spacing-right-small:1.92%;--awb-spacing-left-small:1.92%;\"><div class=\"fusion-column-wrapper fusion-column-has-shadow fusion-flex-justify-content-flex-start fusion-content-layout-column\"><div class=\"fusion-title title fusion-title-1 fusion-sep-none fusion-title-text fusion-title-size-two\" style=\"--awb-margin-top:0px;--awb-margin-top-small:0px;--awb-margin-right-small:0px;--awb-margin-bottom-small:10px;--awb-margin-left-small:0px;\"><h2 class=\"fusion-title-heading title-heading-left\" style=\"margin:0;\">Bei Frigomec sind Sie in guten H\u00e4nden.<\/h2><\/div><div class=\"fusion-text fusion-text-1\"><p>Als f\u00fchrender Hersteller von Schl\u00fcsselkomponenten f\u00fcr K\u00e4lte- und Klimaanlagen verf\u00fcgt Frigomec \u00fcber mehr als 50 Jahre Erfahrung und kennt die neuesten europ\u00e4ischen Richtlinien f\u00fcr neue K\u00e4ltemittelgase und die sich schnell \u00e4ndernden Sicherheitsstandards.<\/p>\n<p>Frigomec ist sich der Probleme der Kunden bewusst, die stets auf dem neuesten Stand bei Vorschriften und Regelungen sein m\u00fcssen. Dabei \u00fcbernimmt das Unternehmen eine aktive Rolle in offiziellen Arbeitsgruppen, in denen es an der Definition von Richtlinien mitwirkt und so fr\u00fchzeitig das erforderliche Know-how erwirbt.<\/p>\n<\/div><\/div><\/div><\/div><\/div><div class=\"fusion-fullwidth fullwidth-box fusion-builder-row-2 fusion-flex-container nonhundred-percent-fullwidth non-hundred-percent-height-scrolling\" style=\"--awb-border-radius-top-left:0px;--awb-border-radius-top-right:0px;--awb-border-radius-bottom-right:0px;--awb-border-radius-bottom-left:0px;--awb-padding-top:20px;--awb-padding-bottom:20px;--awb-flex-wrap:wrap;\" ><div class=\"fusion-builder-row fusion-row fusion-flex-align-items-flex-start fusion-flex-content-wrap\" style=\"max-width:1248px;margin-left: calc(-4% \/ 2 );margin-right: calc(-4% \/ 2 );\"><div class=\"fusion-layout-column fusion_builder_column fusion-builder-column-2 fusion_builder_column_1_1 1_1 fusion-flex-column\" style=\"--awb-bg-size:cover;--awb-width-large:100%;--awb-margin-top-large:0px;--awb-spacing-right-large:1.92%;--awb-margin-bottom-large:20px;--awb-spacing-left-large:1.92%;--awb-width-medium:100%;--awb-order-medium:0;--awb-spacing-right-medium:1.92%;--awb-spacing-left-medium:1.92%;--awb-width-small:100%;--awb-order-small:0;--awb-spacing-right-small:1.92%;--awb-spacing-left-small:1.92%;\"><div class=\"fusion-column-wrapper fusion-column-has-shadow fusion-flex-justify-content-flex-start fusion-content-layout-column\"><div class=\"fusion-text fusion-text-2\"><p>Das Unternehmen Frigomec hilft seinen Kunden bei der Auswahl der f\u00fcr sie am besten geeigneten Modelle und Komponenten. Dazu geh\u00f6ren ma\u00dfgeschneiderte L\u00f6sungen, die den festgelegten Vorgaben der verschiedenen internationalen Beh\u00f6rden entsprechen und f\u00fcr die wir die erforderlichen Zertifizierungen erhalten haben.<\/p>\n<p>Dank der Forschung in der Produktentwicklung, der technologischen L\u00f6sungen, die eine maximale Zuverl\u00e4ssigkeit garantieren, und der strengen, dokumentierten Tests bietet Frigomec hochwertige Komponenten, die die richtige Leistung, die Einhaltung der Sicherheitsnormen und Effizienz zum angemessenen Preis miteinander verbinden.<\/p>\n<p>Unsere Produktpalette umfasst: Fl\u00fcssigkeitssammler, Fl\u00fcssigkeitsabscheider, \u00d6labscheider, W\u00e4rmetauscher, Kollektoren, Schalld\u00e4mpfer, Filter, Ventile, Adapter, Ersatzteile und Zubeh\u00f6r. Auf Anfrage liefern wir auch Spezialprodukte und ein komplettes Sortiment an CO<sub>2<\/sub>-Komponenten.<\/p>\n<p>Frigomec steht nicht nur f\u00fcr Produkte, die f\u00fcr die Zukunft der K\u00e4ltetechnik konzipiert sind, sondern auch f\u00fcr ein qualifiziertes Team von technischen Fachkr\u00e4ften, das die Kunden bei der Projektentwicklung begleitet und unterst\u00fctzt.<\/p>\n<\/div><\/div><\/div><\/div><\/div><div class=\"fusion-fullwidth fullwidth-box fusion-builder-row-3 fusion-flex-container nonhundred-percent-fullwidth non-hundred-percent-height-scrolling fusion-custom-z-index\" style=\"--awb-border-radius-top-left:0px;--awb-border-radius-top-right:0px;--awb-border-radius-bottom-right:0px;--awb-border-radius-bottom-left:0px;--awb-z-index:2;--awb-padding-top:50px;--awb-padding-bottom:35px;--awb-background-color:#83a1d4;--awb-flex-wrap:wrap;\" ><div class=\"fusion-builder-row fusion-row fusion-flex-align-items-flex-start fusion-flex-content-wrap\" style=\"max-width:calc( 1200px + 80px );margin-left: calc(-80px \/ 2 );margin-right: calc(-80px \/ 2 );\"><div class=\"fusion-layout-column fusion_builder_column fusion-builder-column-3 fusion_builder_column_1_2 1_2 fusion-flex-column\" style=\"--awb-bg-size:cover;--awb-width-large:50%;--awb-margin-top-large:0px;--awb-spacing-right-large:40px;--awb-margin-bottom-large:0px;--awb-spacing-left-large:40px;--awb-width-medium:50%;--awb-order-medium:0;--awb-spacing-right-medium:40px;--awb-spacing-left-medium:40px;--awb-width-small:100%;--awb-order-small:0;--awb-spacing-right-small:40px;--awb-spacing-left-small:40px;\"><div class=\"fusion-column-wrapper fusion-column-has-shadow fusion-flex-justify-content-flex-start fusion-content-layout-column\"><div class=\"fusion-title title fusion-title-2 fusion-sep-none fusion-title-text fusion-title-size-two\" style=\"--awb-text-color:#ffffff;--awb-margin-top:0px;--awb-margin-top-small:0px;--awb-margin-right-small:0px;--awb-margin-bottom-small:10px;--awb-margin-left-small:0px;\"><h2 class=\"fusion-title-heading title-heading-left\" style=\"margin:0;\">UNSERE MISSION<\/h2><\/div><div class=\"fusion-text fusion-text-3\" style=\"--awb-font-size:18px;--awb-text-transform:none;--awb-text-color:#ffffff;\"><p>Wir m\u00f6chten der Partner des Vertrauens von HVAC&amp;R-Systeme-Herstellern sein, indem wir zuverl\u00e4ssige, sichere und wettbewerbsf\u00e4hige L\u00f6sungen entwickeln und liefern, die auf die tats\u00e4chlichen Bed\u00fcrfnisse des Kunden zugeschnitten sind, und indem wir beste technische Unterst\u00fctzung und Kenntnis der gesetzlichen Aspekte bieten, wobei wir uns stets in Richtung neuer Technologien und verbesserter Leistung weiterentwickeln.<\/p>\n<\/div><\/div><\/div><div class=\"fusion-layout-column fusion_builder_column fusion-builder-column-4 fusion_builder_column_1_2 1_2 fusion-flex-column\" style=\"--awb-bg-size:cover;--awb-width-large:50%;--awb-margin-top-large:0px;--awb-spacing-right-large:40px;--awb-margin-bottom-large:0px;--awb-spacing-left-large:40px;--awb-width-medium:50%;--awb-order-medium:0;--awb-spacing-right-medium:40px;--awb-spacing-left-medium:40px;--awb-width-small:100%;--awb-order-small:0;--awb-spacing-right-small:40px;--awb-spacing-left-small:40px;\"><div class=\"fusion-column-wrapper fusion-column-has-shadow fusion-flex-justify-content-flex-start fusion-content-layout-column\"><div class=\"fusion-title title fusion-title-3 fusion-sep-none fusion-title-text fusion-title-size-two\" style=\"--awb-text-color:#ffffff;--awb-margin-top:0px;--awb-margin-top-small:0px;--awb-margin-right-small:0px;--awb-margin-bottom-small:10px;--awb-margin-left-small:0px;\"><h2 class=\"fusion-title-heading title-heading-left\" style=\"margin:0;\">UNSERE VISION<\/h2><\/div><div class=\"fusion-text fusion-text-4\" style=\"--awb-font-size:18px;--awb-text-transform:none;--awb-text-color:#ffffff;\"><p>Durch die Zusammenarbeit mit den wichtigsten Akteuren der Branche m\u00f6chten wir zur technologischen Entwicklung von HVAC&amp;R-Systemen beitragen und dabei immer st\u00e4rker auf \u00f6kologische und Umweltaspekte achten.<\/p>\n<\/div><\/div><\/div><\/div><\/div><div class=\"fusion-fullwidth fullwidth-box fusion-builder-row-4 fusion-flex-container nonhundred-percent-fullwidth non-hundred-percent-height-scrolling fusion-no-small-visibility\" style=\"--awb-border-radius-top-left:0px;--awb-border-radius-top-right:0px;--awb-border-radius-bottom-right:0px;--awb-border-radius-bottom-left:0px;--awb-padding-bottom:15px;--awb-flex-wrap:wrap;\" ><div class=\"fusion-builder-row fusion-row fusion-flex-align-items-flex-start fusion-flex-justify-content-flex-end fusion-flex-content-wrap\" style=\"max-width:calc( 1200px + 0px );margin-left: calc(-0px \/ 2 );margin-right: calc(-0px \/ 2 );\"><div class=\"fusion-layout-column fusion_builder_column fusion-builder-column-5 fusion_builder_column_1_5 1_5 fusion-flex-column\" style=\"--awb-bg-size:cover;--awb-width-large:20%;--awb-margin-top-large:-64px;--awb-spacing-right-large:0px;--awb-margin-bottom-large:0px;--awb-spacing-left-large:0px;--awb-width-medium:20%;--awb-order-medium:0;--awb-margin-top-medium:-61px;--awb-spacing-right-medium:0px;--awb-spacing-left-medium:0px;--awb-width-small:100%;--awb-order-small:0;--awb-spacing-right-small:0px;--awb-spacing-left-small:0px;\"><div class=\"fusion-column-wrapper fusion-column-has-shadow fusion-flex-justify-content-flex-start fusion-content-layout-column\"><div class=\"fusion-image-element \" style=\"text-align:left;--awb-max-width:145px;--awb-caption-title-font-family:var(--h2_typography-font-family);--awb-caption-title-font-weight:var(--h2_typography-font-weight);--awb-caption-title-font-style:var(--h2_typography-font-style);--awb-caption-title-size:var(--h2_typography-font-size);--awb-caption-title-transform:var(--h2_typography-text-transform);--awb-caption-title-line-height:var(--h2_typography-line-height);--awb-caption-title-letter-spacing:var(--h2_typography-letter-spacing);\"><span class=\" fusion-imageframe imageframe-none imageframe-2 hover-type-none linguetta-onda dx\"><img decoding=\"async\" width=\"537\" height=\"297\" title=\"onda-titolo-dx\" src=\"https:\/\/www.frigomec.com\/wp-content\/uploads\/2021\/05\/onda-titolo-dx.png\" alt class=\"img-responsive wp-image-846\" srcset=\"https:\/\/www.frigomec.com\/wp-content\/uploads\/2021\/05\/onda-titolo-dx-200x111.png 200w, https:\/\/www.frigomec.com\/wp-content\/uploads\/2021\/05\/onda-titolo-dx-400x221.png 400w, https:\/\/www.frigomec.com\/wp-content\/uploads\/2021\/05\/onda-titolo-dx.png 537w\" sizes=\"(max-width: 767px) 100vw, 400px\" \/><\/span><\/div><\/div><\/div><\/div><\/div><div class=\"fusion-fullwidth fullwidth-box fusion-builder-row-5 fusion-flex-container nonhundred-percent-fullwidth non-hundred-percent-height-scrolling\" style=\"--awb-border-radius-top-left:0px;--awb-border-radius-top-right:0px;--awb-border-radius-bottom-right:0px;--awb-border-radius-bottom-left:0px;--awb-padding-top:30px;--awb-flex-wrap:wrap;\" ><div class=\"fusion-builder-row fusion-row fusion-flex-align-items-center fusion-flex-content-wrap\" style=\"max-width:1248px;margin-left: calc(-4% \/ 2 );margin-right: calc(-4% \/ 2 );\"><div class=\"fusion-layout-column fusion_builder_column fusion-builder-column-6 fusion_builder_column_1_2 1_2 fusion-flex-column\" style=\"--awb-bg-size:cover;--awb-width-large:50%;--awb-margin-top-large:0px;--awb-spacing-right-large:3.84%;--awb-margin-bottom-large:20px;--awb-spacing-left-large:3.84%;--awb-width-medium:50%;--awb-order-medium:0;--awb-spacing-right-medium:3.84%;--awb-spacing-left-medium:3.84%;--awb-width-small:100%;--awb-order-small:0;--awb-spacing-right-small:1.92%;--awb-spacing-left-small:1.92%;\"><div class=\"fusion-column-wrapper fusion-column-has-shadow fusion-flex-justify-content-flex-start fusion-content-layout-column\"><div class=\"fusion-title title fusion-title-4 fusion-sep-none fusion-title-text fusion-title-size-two\" style=\"--awb-margin-top:0px;--awb-margin-top-small:0px;--awb-margin-right-small:0px;--awb-margin-bottom-small:10px;--awb-margin-left-small:0px;\"><h2 class=\"fusion-title-heading title-heading-left\" style=\"margin:0;\">Unsere Geschichte<\/h2><\/div><div class=\"fusion-text fusion-text-5\" style=\"--awb-text-transform:none;\"><p>Das am 13. Juli 1967 von Giovanni Vignoli gegr\u00fcndete Unternehmen stellte zun\u00e4chst kleine Druckbeh\u00e4lter f\u00fcr lokale Kunden her. Das Unternehmen, das f\u00fcr seine Qualit\u00e4tsprodukte bekannt war, begann in der Folge zu expandieren, um der wachsenden Nachfrage gerecht zu werden, und gewann Kunden \u00fcber die lokalen Grenzen hinaus. In den 1990er Jahren stiegen die Exporte sprunghaft an, und das Unternehmen wurde der europaweit f\u00fchrende Anbieter von Komponenten f\u00fcr K\u00fchlsysteme. Gegen Ende des Jahrhunderts erwarb Frigomec Spa eine Reihe von internationalen Zertifizierungen, die es dem Unternehmen erm\u00f6glichen, eine wichtige Rolle als Partner der gro\u00dfen OEMs zu spielen.<\/p>\n<p>Nachdem das Unternehmen fr\u00fchzeitig das Entwicklungspotenzial von Technologien erkannte, die auf der Verwendung von CO<sub>2<\/sub> als K\u00e4ltemittel basieren, erwarb es im Jahr 2013 100 % der Klimal Italia s.r.l., die anschlie\u00dfend mit Frigomec verschmolz. Im Dezember 2012 wurde das k\u00fcrzlich erweiterte Werk in Villa Bartolomea eingeweiht, in dem die Produktionslinien f\u00fcr Hochdruckkomponenten zusammengelegt wurden, um diesen sich entwickelnden Markt zu bedienen.<\/p>\n<p>Heute ist Frigomec Spa immer noch ein Familienunternehmen, das von Paolo Vignoli mit Unterst\u00fctzung eines qualifizierten Teams von F\u00fchrungskr\u00e4ften und Fachleuten aus dem HVAC&amp;R-Systeme-Bereich gef\u00fchrt wird.<\/p>\n<\/div><\/div><\/div><div class=\"fusion-layout-column fusion_builder_column fusion-builder-column-7 fusion_builder_column_1_2 1_2 fusion-flex-column\" style=\"--awb-bg-size:cover;--awb-width-large:50%;--awb-margin-top-large:0px;--awb-spacing-right-large:3.84%;--awb-margin-bottom-large:20px;--awb-spacing-left-large:3.84%;--awb-width-medium:50%;--awb-order-medium:0;--awb-spacing-right-medium:3.84%;--awb-spacing-left-medium:3.84%;--awb-width-small:100%;--awb-order-small:0;--awb-spacing-right-small:1.92%;--awb-spacing-left-small:1.92%;\"><div class=\"fusion-column-wrapper fusion-column-has-shadow fusion-flex-justify-content-flex-start fusion-content-layout-column\"><div class=\"fusion-slider-sc\"><div class=\"fusion-flexslider-loading flexslider flexslider-hover-type-zoomin\" data-slideshow_autoplay=\"1\" data-slideshow_smooth_height=\"0\" data-slideshow_speed=\"4000\" style=\"max-width:100%;height:100%;\"><ul class=\"slides\"><li class=\"image\"><span class=\"fusion-image-hover-element hover-type-zoomin\"><img decoding=\"async\" src=\"https:\/\/www.frigomec.com\/wp-content\/uploads\/2021\/12\/about_US-02.jpg\" width=\"880\" height=\"586\" class=\"wp-image-1088\" srcset=\"https:\/\/www.frigomec.com\/wp-content\/uploads\/2021\/12\/about_US-02-200x133.jpg 200w, https:\/\/www.frigomec.com\/wp-content\/uploads\/2021\/12\/about_US-02-400x266.jpg 400w, https:\/\/www.frigomec.com\/wp-content\/uploads\/2021\/12\/about_US-02-600x400.jpg 600w, https:\/\/www.frigomec.com\/wp-content\/uploads\/2021\/12\/about_US-02-800x533.jpg 800w, https:\/\/www.frigomec.com\/wp-content\/uploads\/2021\/12\/about_US-02.jpg 880w\" sizes=\"(max-width: 767px) 100vw, 600px\" \/><\/span><\/li><li class=\"image\"><span class=\"fusion-image-hover-element hover-type-zoomin\"><img decoding=\"async\" src=\"https:\/\/www.frigomec.com\/wp-content\/uploads\/2021\/12\/capannone.jpg\" width=\"880\" height=\"586\" class=\"wp-image-802\" srcset=\"https:\/\/www.frigomec.com\/wp-content\/uploads\/2021\/12\/capannone-200x133.jpg 200w, https:\/\/www.frigomec.com\/wp-content\/uploads\/2021\/12\/capannone-400x266.jpg 400w, https:\/\/www.frigomec.com\/wp-content\/uploads\/2021\/12\/capannone-600x400.jpg 600w, https:\/\/www.frigomec.com\/wp-content\/uploads\/2021\/12\/capannone-800x533.jpg 800w, https:\/\/www.frigomec.com\/wp-content\/uploads\/2021\/12\/capannone.jpg 880w\" sizes=\"(max-width: 767px) 100vw, 600px\" \/><\/span><\/li><li class=\"image\"><span class=\"fusion-image-hover-element hover-type-zoomin\"><img decoding=\"async\" src=\"https:\/\/www.frigomec.com\/wp-content\/uploads\/2021\/10\/gruppo.jpg\" width=\"880\" height=\"586\" class=\"wp-image-442\" srcset=\"https:\/\/www.frigomec.com\/wp-content\/uploads\/2021\/10\/gruppo-200x133.jpg 200w, https:\/\/www.frigomec.com\/wp-content\/uploads\/2021\/10\/gruppo-400x266.jpg 400w, https:\/\/www.frigomec.com\/wp-content\/uploads\/2021\/10\/gruppo-600x400.jpg 600w, https:\/\/www.frigomec.com\/wp-content\/uploads\/2021\/10\/gruppo-800x533.jpg 800w, https:\/\/www.frigomec.com\/wp-content\/uploads\/2021\/10\/gruppo.jpg 880w\" sizes=\"(max-width: 767px) 100vw, 600px\" \/><\/span><\/li><li class=\"image\"><span class=\"fusion-image-hover-element hover-type-zoomin\"><img decoding=\"async\" src=\"https:\/\/www.frigomec.com\/wp-content\/uploads\/2021\/12\/about_US-03.jpg\" width=\"880\" height=\"586\" class=\"wp-image-1091\" srcset=\"https:\/\/www.frigomec.com\/wp-content\/uploads\/2021\/12\/about_US-03-200x133.jpg 200w, https:\/\/www.frigomec.com\/wp-content\/uploads\/2021\/12\/about_US-03-400x266.jpg 400w, https:\/\/www.frigomec.com\/wp-content\/uploads\/2021\/12\/about_US-03-600x400.jpg 600w, https:\/\/www.frigomec.com\/wp-content\/uploads\/2021\/12\/about_US-03-800x533.jpg 800w, https:\/\/www.frigomec.com\/wp-content\/uploads\/2021\/12\/about_US-03.jpg 880w\" sizes=\"(max-width: 767px) 100vw, 600px\" \/><\/span><\/li><li class=\"image\"><span class=\"fusion-image-hover-element hover-type-zoomin\"><img decoding=\"async\" src=\"https:\/\/www.frigomec.com\/wp-content\/uploads\/2021\/12\/about_US-04.jpg\" width=\"880\" height=\"586\" class=\"wp-image-1094\" srcset=\"https:\/\/www.frigomec.com\/wp-content\/uploads\/2021\/12\/about_US-04-200x133.jpg 200w, https:\/\/www.frigomec.com\/wp-content\/uploads\/2021\/12\/about_US-04-400x266.jpg 400w, https:\/\/www.frigomec.com\/wp-content\/uploads\/2021\/12\/about_US-04-600x400.jpg 600w, https:\/\/www.frigomec.com\/wp-content\/uploads\/2021\/12\/about_US-04-800x533.jpg 800w, https:\/\/www.frigomec.com\/wp-content\/uploads\/2021\/12\/about_US-04.jpg 880w\" sizes=\"(max-width: 767px) 100vw, 600px\" \/><\/span><\/li><\/ul><\/div><\/div><\/div><\/div><\/div><\/div><\/p>\n","protected":false},"excerpt":{"rendered":"","protected":false},"author":1,"featured_media":0,"parent":0,"menu_order":0,"comment_status":"closed","ping_status":"closed","template":"100-width.php","meta":{"footnotes":""},"class_list":["post-1658","page","type-page","status-publish","hentry"],"_links":{"self":[{"href":"https:\/\/www.frigomec.com\/de\/wp-json\/wp\/v2\/pages\/1658","targetHints":{"allow":["GET"]}}],"collection":[{"href":"https:\/\/www.frigomec.com\/de\/wp-json\/wp\/v2\/pages"}],"about":[{"href":"https:\/\/www.frigomec.com\/de\/wp-json\/wp\/v2\/types\/page"}],"author":[{"embeddable":true,"href":"https:\/\/www.frigomec.com\/de\/wp-json\/wp\/v2\/users\/1"}],"replies":[{"embeddable":true,"href":"https:\/\/www.frigomec.com\/de\/wp-json\/wp\/v2\/comments?post=1658"}],"version-history":[{"count":17,"href":"https:\/\/www.frigomec.com\/de\/wp-json\/wp\/v2\/pages\/1658\/revisions"}],"predecessor-version":[{"id":2634,"href":"https:\/\/www.frigomec.com\/de\/wp-json\/wp\/v2\/pages\/1658\/revisions\/2634"}],"wp:attachment":[{"href":"https:\/\/www.frigomec.com\/de\/wp-json\/wp\/v2\/media?parent=1658"}],"curies":[{"name":"wp","href":"https:\/\/api.w.org\/{rel}","templated":true}]}}