{"id":1653,"date":"2022-01-17T17:07:49","date_gmt":"2022-01-17T16:07:49","guid":{"rendered":"https:\/\/wp.frigomec.com\/news\/"},"modified":"2022-02-10T17:23:58","modified_gmt":"2022-02-10T16:23:58","slug":"news","status":"publish","type":"page","link":"https:\/\/www.frigomec.com\/de\/news\/","title":{"rendered":"News"},"content":{"rendered":"<div class=\"fusion-fullwidth fullwidth-box fusion-builder-row-1 fusion-flex-container nonhundred-percent-fullwidth non-hundred-percent-height-scrolling\" style=\"--awb-border-radius-top-left:0px;--awb-border-radius-top-right:0px;--awb-border-radius-bottom-right:0px;--awb-border-radius-bottom-left:0px;--awb-flex-wrap:wrap;\" ><div class=\"fusion-builder-row fusion-row fusion-flex-align-items-flex-start fusion-flex-content-wrap\" style=\"max-width:1248px;margin-left: calc(-4% \/ 2 );margin-right: calc(-4% \/ 2 );\"><div class=\"fusion-layout-column fusion_builder_column fusion-builder-column-0 fusion_builder_column_1_1 1_1 fusion-flex-column\" style=\"--awb-bg-size:cover;--awb-width-large:100%;--awb-margin-top-large:0px;--awb-spacing-right-large:1.92%;--awb-margin-bottom-large:20px;--awb-spacing-left-large:1.92%;--awb-width-medium:100%;--awb-order-medium:0;--awb-spacing-right-medium:1.92%;--awb-spacing-left-medium:1.92%;--awb-width-small:100%;--awb-order-small:0;--awb-spacing-right-small:1.92%;--awb-spacing-left-small:1.92%;\"><div class=\"fusion-column-wrapper fusion-column-has-shadow fusion-flex-justify-content-flex-start fusion-content-layout-column\"><div class=\"fusion-blog-shortcode fusion-blog-shortcode-1 fusion-blog-archive fusion-blog-layout-medium fusion-blog-pagination\"><div class=\"fusion-posts-container fusion-posts-container-pagination\" data-pages=\"2\"><article id=\"blog-1-post-2829\" class=\"fusion-post-medium post-2829 post type-post status-publish format-standard has-post-thumbnail hentry category-news-de\">\n\t<style type=\"text\/css\">\n\t\t\n\t\t\n\t\t\n\t\t\n\t\t\t<\/style>\n\n\n\t\t\t<div class=\"fusion-flexslider flexslider fusion-flexslider-loading fusion-post-slideshow\" style=\"\">\n\t\t<ul class=\"slides\">\n\t\t\t\n\t\t\t\t\t\t\t\t\t\t\t\t\t\t<li><div  class=\"fusion-image-wrapper fusion-image-size-fixed\" aria-haspopup=\"true\">\n\t\t\t\t\t\t\t<a href=\"https:\/\/www.frigomec.com\/de\/chillventa-2024\/\" aria-label=\"Chillventa 2024\">\n\t\t\t\t\t\t\t<img decoding=\"async\" width=\"320\" height=\"202\" src=\"https:\/\/www.frigomec.com\/wp-content\/uploads\/2024\/09\/chillventa-002-320x202.jpg\" class=\"attachment-blog-medium size-blog-medium wp-post-image\" alt=\"\" srcset=\"https:\/\/www.frigomec.com\/wp-content\/uploads\/2024\/09\/chillventa-002-320x202.jpg 320w, https:\/\/www.frigomec.com\/wp-content\/uploads\/2024\/09\/chillventa-002-700x441.jpg 700w\" sizes=\"(max-width: 320px) 100vw, 320px\" \/>\t\t\t<\/a>\n\t\t\t\t\t\t\t<\/div>\n<\/li>\n\t\t\t\n\t\t\t\n\t\t\t\t\t\t\t\t\t\t\t\t\t\t\t\t\t\t\t\t\t\t\t\t\t\t\t\t\t\t\t\t\t\t\t\t\t\t\t\t\t\t\t\t\t\t\t\t\t\t\t\t\t\t\t\t\t\t\t\t\t\t\t\t\t\t\t\t<\/ul>\n\t<\/div>\n\t<div class=\"fusion-post-content post-content\"><h2 class=\"blog-shortcode-post-title entry-title\"><a href=\"https:\/\/www.frigomec.com\/de\/chillventa-2024\/\">Chillventa 2024<\/a><\/h2><div class=\"fusion-post-content-container\"><p>K\u00fchlung, W\u00e4rmepumpen, Energiewende, Nachhaltigkeit und Kreislaufwirtschaft sind die \u201ehei\u00dfen\u201c Themen der Chillventa 2024, die wichtigste internationale Messe der K\u00e4ltetechnikbranche. Frigomec S.p.A., f\u00fchrender Hersteller von Druckbeh\u00e4ltern, wird seine umfassende technische Erfahrung und seine Produkte zur Schau stellen. Verpassen Sie nicht die Gelegenheit, uns an unserem Stand zu besuchen! Unsere Techniker k\u00f6nnen Ihnen die neuesten Nachrichten aus unserem Produktionsprogramm vorstellen und Ihnen bei dem Co-Design neuer Projekte helfen, die uns gemeinsam zu [...]<\/p><\/div><\/div><div class=\"fusion-clearfix\"><\/div><div class=\"fusion-meta-info\"><div class=\"fusion-alignleft\"><span class=\"vcard\" style=\"display: none;\"><span class=\"fn\"><a href=\"https:\/\/www.frigomec.com\/de\/author\/n-franchifrigomec-com\/\" title=\"Beitr\u00e4ge von Noemi Franchi\" rel=\"author\">Noemi Franchi<\/a><\/span><\/span><span class=\"updated\" style=\"display:none;\">2024-09-19T07:46:37+02:00<\/span><span>19. September 2024<\/span><span class=\"fusion-inline-sep\">|<\/span><\/div><\/div><\/article>\n<article id=\"blog-1-post-2631\" class=\"fusion-post-medium post-2631 post type-post status-publish format-standard has-post-thumbnail hentry category-news-de\">\n\t<style type=\"text\/css\">\n\t\t\n\t\t\n\t\t\n\t\t\n\t\t\t<\/style>\n\n\n\t\t\t<div class=\"fusion-flexslider flexslider fusion-flexslider-loading fusion-post-slideshow\" style=\"\">\n\t\t<ul class=\"slides\">\n\t\t\t\n\t\t\t\t\t\t\t\t\t\t\t\t\t\t<li><div  class=\"fusion-image-wrapper fusion-image-size-fixed\" aria-haspopup=\"true\">\n\t\t\t\t\t\t\t<a href=\"https:\/\/www.frigomec.com\/de\/destination-duesseldorf-destination-euroshop\/\" aria-label=\"Destination D\u00fcsseldorf! Destination EUROSHOP!\">\n\t\t\t\t\t\t\t<img decoding=\"async\" width=\"320\" height=\"202\" src=\"https:\/\/www.frigomec.com\/wp-content\/uploads\/2023\/02\/News_EuroShop-002-320x202.jpg\" class=\"attachment-blog-medium size-blog-medium wp-post-image\" alt=\"\" srcset=\"https:\/\/www.frigomec.com\/wp-content\/uploads\/2023\/02\/News_EuroShop-002-320x202.jpg 320w, https:\/\/www.frigomec.com\/wp-content\/uploads\/2023\/02\/News_EuroShop-002-700x441.jpg 700w\" sizes=\"(max-width: 320px) 100vw, 320px\" \/>\t\t\t<\/a>\n\t\t\t\t\t\t\t<\/div>\n<\/li>\n\t\t\t\n\t\t\t\n\t\t\t\t\t\t\t\t\t\t\t\t\t\t\t\t\t\t\t\t\t\t\t\t\t\t\t\t\t\t\t\t\t\t\t\t\t\t\t\t\t\t\t\t\t\t\t\t\t\t\t\t\t\t\t\t\t\t\t\t\t\t\t\t\t\t\t\t<\/ul>\n\t<\/div>\n\t<div class=\"fusion-post-content post-content\"><h2 class=\"blog-shortcode-post-title entry-title\"><a href=\"https:\/\/www.frigomec.com\/de\/destination-duesseldorf-destination-euroshop\/\">Destination D\u00fcsseldorf! Destination EUROSHOP!<\/a><\/h2><div class=\"fusion-post-content-container\"><p>EUROSHOP ist die weltgr\u00f6\u00dfte Ausstellung im Einzelhandelssektor, ein Event, das eine solch umfassende Auswahl von Interessensbereichen und Technologien bietet, um alle Player auf dem Markt f\u00fcr eine Woche in D\u00fcsseldorf zusammen zu bringen. Wir waren dort, um pers\u00f6nlich die letzten Trends kennenzulernen und uns zu Innovationen im Bereich der Industriek\u00fchlung und den damit zusammenh\u00e4ngenden Anwendungen auf den neuesten Stand zu bringen. Jetzt, da Erdgas und nachhaltige Technologien im Zentrum der [...]<\/p><\/div><\/div><div class=\"fusion-clearfix\"><\/div><div class=\"fusion-meta-info\"><div class=\"fusion-alignleft\"><span class=\"vcard\" style=\"display: none;\"><span class=\"fn\"><a href=\"https:\/\/www.frigomec.com\/de\/author\/n-franchifrigomec-com\/\" title=\"Beitr\u00e4ge von Noemi Franchi\" rel=\"author\">Noemi Franchi<\/a><\/span><\/span><span class=\"updated\" style=\"display:none;\">2023-02-27T16:57:56+01:00<\/span><span>27. Februar 2023<\/span><span class=\"fusion-inline-sep\">|<\/span><\/div><\/div><\/article>\n<article id=\"blog-1-post-2589\" class=\"fusion-post-medium post-2589 post type-post status-publish format-standard has-post-thumbnail hentry category-news-de\">\n\t<style type=\"text\/css\">\n\t\t\n\t\t\n\t\t\n\t\t\n\t\t\t<\/style>\n\n\n\t\t\t<div class=\"fusion-flexslider flexslider fusion-flexslider-loading fusion-post-slideshow\" style=\"\">\n\t\t<ul class=\"slides\">\n\t\t\t\n\t\t\t\t\t\t\t\t\t\t\t\t\t\t<li><div  class=\"fusion-image-wrapper fusion-image-size-fixed\" aria-haspopup=\"true\">\n\t\t\t\t\t\t\t<a href=\"https:\/\/www.frigomec.com\/de\/messung-des-erfolgs-der-chillventa\/\" aria-label=\"Messung des Erfolgs der Chillventa\">\n\t\t\t\t\t\t\t<img decoding=\"async\" width=\"320\" height=\"202\" src=\"https:\/\/www.frigomec.com\/wp-content\/uploads\/2022\/10\/stand-con-gente-002-320x202.jpeg\" class=\"attachment-blog-medium size-blog-medium wp-post-image\" alt=\"\" srcset=\"https:\/\/www.frigomec.com\/wp-content\/uploads\/2022\/10\/stand-con-gente-002-320x202.jpeg 320w, https:\/\/www.frigomec.com\/wp-content\/uploads\/2022\/10\/stand-con-gente-002-700x441.jpeg 700w\" sizes=\"(max-width: 320px) 100vw, 320px\" \/>\t\t\t<\/a>\n\t\t\t\t\t\t\t<\/div>\n<\/li>\n\t\t\t\n\t\t\t\n\t\t\t\t\t\t\t\t\t\t\t\t\t\t\t\t\t\t\t\t\t\t\t\t\t\t\t\t\t\t\t\t\t\t\t\t\t\t\t\t\t\t\t\t\t\t\t\t\t\t\t\t\t\t\t\t\t\t\t\t\t\t\t\t\t\t\t\t<\/ul>\n\t<\/div>\n\t<div class=\"fusion-post-content post-content\"><h2 class=\"blog-shortcode-post-title entry-title\"><a href=\"https:\/\/www.frigomec.com\/de\/messung-des-erfolgs-der-chillventa\/\">Messung des Erfolgs der Chillventa<\/a><\/h2><div class=\"fusion-post-content-container\"><p>Nach vier Jahren Stillstand aufgrund der Pandemie sind wir zusammen mit weiteren 844 Ausstellern wieder auf der Chillventa vertreten, um an einem Event teilzunehmen, das sage und schreibe 30.000 Akteure der Branche besucht haben. Wir m\u00f6chten allen Besuchern danken, die an unseren Stand gekommen sind. Die stetig wachsende Bandbreite unserer L\u00f6sungen f\u00fcr den HVAC&amp;R-Sektor ist auf ein enormes Interesse gesto\u00dfen, darunter vor allem f\u00fcr die \u00d6labscheider \u2013 und hier lag [...]<\/p><\/div><\/div><div class=\"fusion-clearfix\"><\/div><div class=\"fusion-meta-info\"><div class=\"fusion-alignleft\"><span class=\"vcard\" style=\"display: none;\"><span class=\"fn\"><a href=\"https:\/\/www.frigomec.com\/de\/author\/n-franchifrigomec-com\/\" title=\"Beitr\u00e4ge von Noemi Franchi\" rel=\"author\">Noemi Franchi<\/a><\/span><\/span><span class=\"updated\" style=\"display:none;\">2022-10-28T13:56:07+02:00<\/span><span>28. Oktober 2022<\/span><span class=\"fusion-inline-sep\">|<\/span><\/div><\/div><\/article>\n<article id=\"blog-1-post-2558\" class=\"fusion-post-medium post-2558 post type-post status-publish format-standard has-post-thumbnail hentry category-news-de\">\n\t<style type=\"text\/css\">\n\t\t\n\t\t\n\t\t\n\t\t\n\t\t\t<\/style>\n\n\n\t\t\t<div class=\"fusion-flexslider flexslider fusion-flexslider-loading fusion-post-slideshow\" style=\"\">\n\t\t<ul class=\"slides\">\n\t\t\t\n\t\t\t\t\t\t\t\t\t\t\t\t\t\t<li><div  class=\"fusion-image-wrapper fusion-image-size-fixed\" aria-haspopup=\"true\">\n\t\t\t\t\t\t\t<a href=\"https:\/\/www.frigomec.com\/de\/chillventa-2022-2\/\" aria-label=\"Chillventa 2022\">\n\t\t\t\t\t\t\t<img decoding=\"async\" width=\"320\" height=\"202\" src=\"https:\/\/www.frigomec.com\/wp-content\/uploads\/2022\/09\/News_chilliventa-002-320x202.jpg\" class=\"attachment-blog-medium size-blog-medium wp-post-image\" alt=\"\" srcset=\"https:\/\/www.frigomec.com\/wp-content\/uploads\/2022\/09\/News_chilliventa-002-320x202.jpg 320w, https:\/\/www.frigomec.com\/wp-content\/uploads\/2022\/09\/News_chilliventa-002-700x441.jpg 700w\" sizes=\"(max-width: 320px) 100vw, 320px\" \/>\t\t\t<\/a>\n\t\t\t\t\t\t\t<\/div>\n<\/li>\n\t\t\t\n\t\t\t\n\t\t\t\t\t\t\t\t\t\t\t\n\t\t\t\t\t\n\t\t\t\t\t\t\t\t\t\t\t<li>\n\t\t\t\t\t\t\t<div class=\"fusion-image-wrapper\">\n\t\t\t\t\t\t\t\t<a href=\"https:\/\/www.frigomec.com\/de\/chillventa-2022-2\/\" aria-label=\"Chillventa 2022\">\n\t\t\t\t\t\t\t\t\t<img decoding=\"async\" width=\"320\" height=\"202\" src=\"https:\/\/www.frigomec.com\/wp-content\/uploads\/2022\/09\/News_chilliventa-Stand-320x202.jpg\" alt=\"\" class=\"wp-image-2546\" role=\"presentation\" srcset=\"https:\/\/www.frigomec.com\/wp-content\/uploads\/2022\/09\/News_chilliventa-Stand-320x202.jpg 320w, https:\/\/www.frigomec.com\/wp-content\/uploads\/2022\/09\/News_chilliventa-Stand-700x441.jpg 700w\" sizes=\"(max-width: 320px) 100vw, 320px\" \/>\t\t\t\t\t\t\t\t<\/a>\n\t\t\t\t\t\t\t\t<a style=\"display:none;\" href=\"https:\/\/www.frigomec.com\/wp-content\/uploads\/2022\/09\/News_chilliventa-Stand.jpg\" data-rel=\"iLightbox[gallery2558]\"  title=\"\" data-title=\"News_chilliventa-Stand\" data-caption=\"\">\n\t\t\t\t\t\t\t\t\t\t\t\t\t\t\t\t\t<\/a>\n\t\t\t\t\t\t\t<\/div>\n\t\t\t\t\t\t<\/li>\n\t\t\t\t\t\t\t\t\t\t\t\t\t\t\t\t\t\t\t\t\t\t\t\t\t\t\t\t\t\t\t\t\t\t\t\t\t\t\t\t\t\t\t\t\t\t\t\t\t\t\t\t\t\t\t\t\t\t\t\t\t\t\t\t\t\t<\/ul>\n\t<\/div>\n\t<div class=\"fusion-post-content post-content\"><h2 class=\"blog-shortcode-post-title entry-title\"><a href=\"https:\/\/www.frigomec.com\/de\/chillventa-2022-2\/\">Chillventa 2022<\/a><\/h2><div class=\"fusion-post-content-container\"><p>Wir n\u00e4hern uns der Messe N\u00fcrnberg. Sehen Sie sich das 3D-Modell unseres Standes auf der Chillventa 2022 an. Entdecken Sie eine Auswahl unserer Produkte und sprechen Sie mit unseren Spezialisten am Stand (Halle 5, Stand 128). \u00a0 \u00a0 \u00a0<\/p><\/div><\/div><div class=\"fusion-clearfix\"><\/div><div class=\"fusion-meta-info\"><div class=\"fusion-alignleft\"><span class=\"vcard\" style=\"display: none;\"><span class=\"fn\"><a href=\"https:\/\/www.frigomec.com\/de\/author\/n-franchifrigomec-com\/\" title=\"Beitr\u00e4ge von Noemi Franchi\" rel=\"author\">Noemi Franchi<\/a><\/span><\/span><span class=\"updated\" style=\"display:none;\">2022-09-30T14:49:06+02:00<\/span><span>30. September 2022<\/span><span class=\"fusion-inline-sep\">|<\/span><\/div><\/div><\/article>\n<article id=\"blog-1-post-2534\" class=\"fusion-post-medium post-2534 post type-post status-publish format-standard has-post-thumbnail hentry category-news-de\">\n\t<style type=\"text\/css\">\n\t\t\n\t\t\n\t\t\n\t\t\n\t\t\t<\/style>\n\n\n\t\t\t<div class=\"fusion-flexslider flexslider fusion-flexslider-loading fusion-post-slideshow\" style=\"\">\n\t\t<ul class=\"slides\">\n\t\t\t\n\t\t\t\t\t\t\t\t\t\t\t\t\t\t<li><div  class=\"fusion-image-wrapper fusion-image-size-fixed\" aria-haspopup=\"true\">\n\t\t\t\t\t\t\t<a href=\"https:\/\/www.frigomec.com\/de\/ucka-zertifizierung\/\" aria-label=\"UKCA-Zertifizierung\">\n\t\t\t\t\t\t\t<img decoding=\"async\" width=\"320\" height=\"202\" src=\"https:\/\/www.frigomec.com\/wp-content\/uploads\/2022\/09\/UKCAanteprima-320x202.jpg\" class=\"attachment-blog-medium size-blog-medium wp-post-image\" alt=\"\" srcset=\"https:\/\/www.frigomec.com\/wp-content\/uploads\/2022\/09\/UKCAanteprima-320x202.jpg 320w, https:\/\/www.frigomec.com\/wp-content\/uploads\/2022\/09\/UKCAanteprima-700x441.jpg 700w\" sizes=\"(max-width: 320px) 100vw, 320px\" \/>\t\t\t<\/a>\n\t\t\t\t\t\t\t<\/div>\n<\/li>\n\t\t\t\n\t\t\t\n\t\t\t\t\t\t\t\t\t\t\t\n\t\t\t\t\t\n\t\t\t\t\t\t\t\t\t\t\t<li>\n\t\t\t\t\t\t\t<div class=\"fusion-image-wrapper\">\n\t\t\t\t\t\t\t\t<a href=\"https:\/\/www.frigomec.com\/de\/ucka-zertifizierung\/\" aria-label=\"UKCA-Zertifizierung\">\n\t\t\t\t\t\t\t\t\t<img decoding=\"async\" width=\"320\" height=\"202\" src=\"https:\/\/www.frigomec.com\/wp-content\/uploads\/2022\/09\/UKCANews-320x202.jpg\" alt=\"\" class=\"wp-image-2517\" role=\"presentation\" srcset=\"https:\/\/www.frigomec.com\/wp-content\/uploads\/2022\/09\/UKCANews-320x202.jpg 320w, https:\/\/www.frigomec.com\/wp-content\/uploads\/2022\/09\/UKCANews-700x441.jpg 700w\" sizes=\"(max-width: 320px) 100vw, 320px\" \/>\t\t\t\t\t\t\t\t<\/a>\n\t\t\t\t\t\t\t\t<a style=\"display:none;\" href=\"https:\/\/www.frigomec.com\/wp-content\/uploads\/2022\/09\/UKCANews.jpg\" data-rel=\"iLightbox[gallery2534]\"  title=\"\" data-title=\"UKCANews\" data-caption=\"\">\n\t\t\t\t\t\t\t\t\t\t\t\t\t\t\t\t\t<\/a>\n\t\t\t\t\t\t\t<\/div>\n\t\t\t\t\t\t<\/li>\n\t\t\t\t\t\t\t\t\t\t\t\t\t\t\t\t\t\t\t\t\t\t\t\t\t\t\t\t\t\t\t\t\t\t\t\t\t\t\t\t\t\t\t\t\t\t\t\t\t\t\t\t\t\t\t\t\t\t\t\t\t\t\t\t\t\t<\/ul>\n\t<\/div>\n\t<div class=\"fusion-post-content post-content\"><h2 class=\"blog-shortcode-post-title entry-title\"><a href=\"https:\/\/www.frigomec.com\/de\/ucka-zertifizierung\/\">UKCA-Zertifizierung<\/a><\/h2><div class=\"fusion-post-content-container\"><p>Nicht alle Unternehmen unterhalten Gesch\u00e4ftsbeziehungen mit dem Vereinigten K\u00f6nigreich, aber viele unserer lokalen oder auch globalen Kunden bedienen den britischen Markt und m\u00fcssen sich an die ver\u00e4nderten Regeln anpassen. HVAC&amp;R-Systeme und -Bauteile, die auf den britischen Markt kommen, ben\u00f6tigen eine UKCA-Zertifizierung, und seit einiger Zeit sind wir dabei, die UKCA-Zertifizierung f\u00fcr viele unserer Produkte zu erlangen, um unsere Kunden zu unterst\u00fctzen. Da es immer wieder zu neuen Entwicklungen kommt, m\u00f6chten [...]<\/p><\/div><\/div><div class=\"fusion-clearfix\"><\/div><div class=\"fusion-meta-info\"><div class=\"fusion-alignleft\"><span class=\"vcard\" style=\"display: none;\"><span class=\"fn\"><a href=\"https:\/\/www.frigomec.com\/de\/author\/n-ambrosofrigomec-com\/\" title=\"Beitr\u00e4ge von Nicola Ambroso\" rel=\"author\">Nicola Ambroso<\/a><\/span><\/span><span class=\"updated\" style=\"display:none;\">2022-09-29T15:22:09+02:00<\/span><span>29. September 2022<\/span><span class=\"fusion-inline-sep\">|<\/span><\/div><\/div><\/article>\n<article id=\"blog-1-post-1878\" class=\"fusion-post-medium post-1878 post type-post status-publish format-standard has-post-thumbnail hentry category-news-de\">\n\t<style type=\"text\/css\">\n\t\t\n\t\t\n\t\t\n\t\t\n\t\t\t<\/style>\n\n\n\t\t\t<div class=\"fusion-flexslider flexslider fusion-flexslider-loading fusion-post-slideshow\" style=\"\">\n\t\t<ul class=\"slides\">\n\t\t\t\n\t\t\t\t\t\t\t\t\t\t\t\t\t\t<li><div  class=\"fusion-image-wrapper fusion-image-size-fixed\" aria-haspopup=\"true\">\n\t\t\t\t\t\t\t<a href=\"https:\/\/www.frigomec.com\/de\/das-ist-unsere-neue-website\/\" aria-label=\"Das ist unsere neue Website\">\n\t\t\t\t\t\t\t<img decoding=\"async\" width=\"320\" height=\"202\" src=\"https:\/\/www.frigomec.com\/wp-content\/uploads\/2021\/10\/SITO-RESPONSIVE-320x202.jpg\" class=\"attachment-blog-medium size-blog-medium wp-post-image\" alt=\"\" \/>\t\t\t<\/a>\n\t\t\t\t\t\t\t<\/div>\n<\/li>\n\t\t\t\n\t\t\t\n\t\t\t\t\t\t\t\t\t\t\t\t\t\t\t\t\t\t\t\t\t\t\t\t\t\t\t\t\t\t\t\t\t\t\t\t\t\t\t\t\t\t\t\t\t\t\t\t\t\t\t\t\t\t\t\t\t\t\t\t\t\t\t\t\t\t\t\t<\/ul>\n\t<\/div>\n\t<div class=\"fusion-post-content post-content\"><h2 class=\"blog-shortcode-post-title entry-title\"><a href=\"https:\/\/www.frigomec.com\/de\/das-ist-unsere-neue-website\/\">Das ist unsere neue Website<\/a><\/h2><div class=\"fusion-post-content-container\"><p>Nachdem wir Ende M\u00e4rz unsere neue Corporate Identity vorgestellt haben, sind wir nun mit unserer topaktuellen Website online. Darauf finden Sie eine kurze Unternehmenspr\u00e4sentation, in der unsere Mission und unsere Vision vorgestellt werden. Wenn Sie noch niemals in Italien waren, dann m\u00f6chten wir Sie einladen, das Video anzusehen , dass wir k\u00fcrzlich hochgeladen haben, und in dem Sie unser Werk in San Pietro di Legnago besichtigen k\u00f6nnen. Hier finden Sie [...]<\/p><\/div><\/div><div class=\"fusion-clearfix\"><\/div><div class=\"fusion-meta-info\"><div class=\"fusion-alignleft\"><span class=\"vcard\" style=\"display: none;\"><span class=\"fn\"><a href=\"https:\/\/www.frigomec.com\/de\/author\/admin4545\/\" title=\"Beitr\u00e4ge von admin4545\" rel=\"author\">admin4545<\/a><\/span><\/span><span class=\"updated\" style=\"display:none;\">2022-02-15T15:29:21+01:00<\/span><span>14. Februar 2022<\/span><span class=\"fusion-inline-sep\">|<\/span><\/div><\/div><\/article>\n<\/div><div class=\"pagination clearfix\"><span class=\"current\">1<\/span><a href=\"https:\/\/www.frigomec.com\/de\/wp-json\/wp\/v2\/pages\/1653\/page\/2\/\" class=\"inactive\">2<\/a><a class=\"pagination-next\" rel=\"next\" href=\"https:\/\/www.frigomec.com\/de\/wp-json\/wp\/v2\/pages\/1653\/page\/2\/\"><span class=\"page-text\">Next<\/span><span class=\"page-next\"><\/span><\/a><\/div><div class=\"fusion-clearfix\"><\/div><\/div><\/div><\/div><\/div><\/div>\n","protected":false},"excerpt":{"rendered":"","protected":false},"author":1,"featured_media":0,"parent":0,"menu_order":0,"comment_status":"closed","ping_status":"closed","template":"","meta":{"footnotes":""},"class_list":["post-1653","page","type-page","status-publish","hentry"],"_links":{"self":[{"href":"https:\/\/www.frigomec.com\/de\/wp-json\/wp\/v2\/pages\/1653","targetHints":{"allow":["GET"]}}],"collection":[{"href":"https:\/\/www.frigomec.com\/de\/wp-json\/wp\/v2\/pages"}],"about":[{"href":"https:\/\/www.frigomec.com\/de\/wp-json\/wp\/v2\/types\/page"}],"author":[{"embeddable":true,"href":"https:\/\/www.frigomec.com\/de\/wp-json\/wp\/v2\/users\/1"}],"replies":[{"embeddable":true,"href":"https:\/\/www.frigomec.com\/de\/wp-json\/wp\/v2\/comments?post=1653"}],"version-history":[{"count":4,"href":"https:\/\/www.frigomec.com\/de\/wp-json\/wp\/v2\/pages\/1653\/revisions"}],"predecessor-version":[{"id":2119,"href":"https:\/\/www.frigomec.com\/de\/wp-json\/wp\/v2\/pages\/1653\/revisions\/2119"}],"wp:attachment":[{"href":"https:\/\/www.frigomec.com\/de\/wp-json\/wp\/v2\/media?parent=1653"}],"curies":[{"name":"wp","href":"https:\/\/api.w.org\/{rel}","templated":true}]}}